{"id":1116,"date":"2014-02-11T12:04:06","date_gmt":"2014-02-11T11:04:06","guid":{"rendered":"http:\/\/www.memoria-viva.fr\/?page_id=1116"},"modified":"2014-02-11T12:59:31","modified_gmt":"2014-02-11T11:59:31","slug":"exposition-vie-et-oeuvre-de-mario-dionisio","status":"publish","type":"page","link":"https:\/\/www.memoria-viva.fr\/mv2-archives\/?page_id=1116","title":{"rendered":"<!--:fr-->Vie et oeuvre de M\u00e1rio Dion\u00edsio<!--:--><!--:pt-->Vida e obra de M\u00e1rio Dion\u00edsio<!--:-->"},"content":{"rendered":"<p><!--:fr--><a href=\"http:\/\/www.centromariodionisio.org\/index_fra.php\" target=\"_blank\"><img loading=\"lazy\" class=\"size-full wp-image-1117 aligncenter\" alt=\"logo\" src=\"http:\/\/www.memoria-viva.fr\/wp-content\/uploads\/2014\/02\/logo.png\" width=\"210\" height=\"93\" \/><\/a><\/p>\n<p style=\"text-align: justify;\">L&rsquo;exposition sur la vie et l&rsquo;oeuvre de\u00a0M\u00e1rio Dion\u00edsio, po\u00e8te, peintre et critique d&rsquo;art nous est l\u00e9gu\u00e9e par la \u00a0\u00ab\u00a0Casa da Achada\u00a0\u00bb de Lisbonne. Elle est gratuite (seuls les frais de transports sont \u00e0 pr\u00e9voir) et sera disponible en France \u00e0 partir d&rsquo;avril.<\/p>\n<p>Les panneaux sont consultables \u00e0 partir de ce <a href=\"http:\/\/www.centromariodionisio.org\/exp_vida_e_obra.php\" target=\"_blank\">site<\/a>.<!--:--><!--:pt--><a href=\"http:\/\/www.centromariodionisio.org\/\" target=\"_blank\"><img loading=\"lazy\" class=\"aligncenter\" alt=\"logo\" src=\"http:\/\/www.memoria-viva.fr\/wp-content\/uploads\/2014\/02\/logo.png\" width=\"210\" height=\"93\" \/><\/a><\/p>\n<p style=\"text-align: justify;\"><strong>A exposi\u00e7\u00e3o<\/strong>\u00a0<b><a href=\"http:\/\/www.centromariodionisio.org\/edicoes.php#mdvo\">M\u00e1rio Dion\u00edsio &#8211; Vida e Obra<\/a><\/b>, que esteve patente na Casa da Achada &#8211; Centro M\u00e1rio Dion\u00edsio durante 5 meses, entre 25 de Abril e 25 de Setembro de 2011,\u00a0<strong>foi concebida para ser itinerante<\/strong>.<\/p>\n<p style=\"text-align: justify;\"><strong>\u00c9 constitu\u00edda por 13 pain\u00e9is de PVC<\/strong>\u00a0(2mm) de 110 x 87 cm, que foram completados na Casa da Achada por documentos e objectos expostos em vitrinas e quadros de M\u00e1rio Dion\u00edsio.<\/p>\n<p style=\"text-align: justify;\">Para mais informa\u00e7\u00f5es ver <a href=\"http:\/\/www.centromariodionisio.org\/exp_vida_e_obra.php\" target=\"_blank\">aqui<\/a><\/p>\n<p><!--:--><\/p>\n","protected":false},"excerpt":{"rendered":"<p>L&rsquo;exposition sur la vie et l&rsquo;oeuvre de\u00a0M\u00e1rio Dion\u00edsio, po\u00e8te, peintre et critique d&rsquo;art nous est l\u00e9gu\u00e9e par la \u00a0\u00ab\u00a0Casa da Achada\u00a0\u00bb de Lisbonne. Elle est gratuite (seuls les frais de transports sont \u00e0 pr\u00e9voir) et sera disponible en France \u00e0 partir d&rsquo;avril. Les panneaux sont consultables \u00e0 partir de ce site. A exposi\u00e7\u00e3o\u00a0M\u00e1rio Dion\u00edsio &#8211; &hellip; <\/p>\n<p class=\"link-more\"><a href=\"https:\/\/www.memoria-viva.fr\/mv2-archives\/?page_id=1116\" class=\"more-link\">Continuer la lecture<span class=\"screen-reader-text\"> de &laquo;&nbsp;<!--:fr-->Vie et oeuvre de M\u00e1rio Dion\u00edsio<!--:--><!--:pt-->Vida e obra de M\u00e1rio Dion\u00edsio<!--:-->&nbsp;&raquo;<\/span><\/a><\/p>\n","protected":false},"author":2,"featured_media":0,"parent":0,"menu_order":0,"comment_status":"open","ping_status":"open","template":"","meta":[],"_links":{"self":[{"href":"https:\/\/www.memoria-viva.fr\/mv2-archives\/index.php?rest_route=\/wp\/v2\/pages\/1116"}],"collection":[{"href":"https:\/\/www.memoria-viva.fr\/mv2-archives\/index.php?rest_route=\/wp\/v2\/pages"}],"about":[{"href":"https:\/\/www.memoria-viva.fr\/mv2-archives\/index.php?rest_route=\/wp\/v2\/types\/page"}],"author":[{"embeddable":true,"href":"https:\/\/www.memoria-viva.fr\/mv2-archives\/index.php?rest_route=\/wp\/v2\/users\/2"}],"replies":[{"embeddable":true,"href":"https:\/\/www.memoria-viva.fr\/mv2-archives\/index.php?rest_route=%2Fwp%2Fv2%2Fcomments&post=1116"}],"version-history":[{"count":0,"href":"https:\/\/www.memoria-viva.fr\/mv2-archives\/index.php?rest_route=\/wp\/v2\/pages\/1116\/revisions"}],"wp:attachment":[{"href":"https:\/\/www.memoria-viva.fr\/mv2-archives\/index.php?rest_route=%2Fwp%2Fv2%2Fmedia&parent=1116"}],"curies":[{"name":"wp","href":"https:\/\/api.w.org\/{rel}","templated":true}]}}