{"id":1120,"date":"2014-02-11T12:55:08","date_gmt":"2014-02-11T11:55:08","guid":{"rendered":"http:\/\/www.memoria-viva.fr\/?page_id=1120"},"modified":"2014-02-11T12:55:08","modified_gmt":"2014-02-11T11:55:08","slug":"cinema-portugais-annees-70-de-la-resistance-a-la-liberte","status":"publish","type":"page","link":"https:\/\/www.memoria-viva.fr\/mv2-archives\/?page_id=1120","title":{"rendered":"<!--:fr-->Cin\u00e9ma Portugais ann\u00e9es 70 &#8211; De la r\u00e9sistance \u00e0 la libert\u00e9<!--:--><!--:pt-->Cinema Portugu\u00eas anos 70 &#8211; Da resist\u00eancia a liberdade<!--:-->"},"content":{"rendered":"<p><!--:fr--><\/p>\n<p style=\"text-align: justify;\"><b>\u00ab\u00a0Cinema portugais<\/b> ann\u00e9es 70, de la r\u00e9sistance \u00e0 la libert\u00e9\u00a0\u00bb, est une exposition constitu\u00e9e autour du cin\u00e9ma d\u2019Henrique Espirito Santo.\u00a0Figure embl\u00e9matique de l\u2019Histoire du cin\u00e9ma portugais, il a, tout au long de sa carri\u00e8re de cin\u00e9-clubiste, producteur, professeur, acteur et responsable des instituts publics du Cin\u00e9ma Portugais amass\u00e9 et conserv\u00e9 de nombreux documents, des ann\u00e9es 60 \u00e0 aujourd\u2019hui. C\u2019est \u00e0 partir de cette collection priv\u00e9e que cette exposition a \u00e9t\u00e9 construite.<\/p>\n<p align=\"center\"><b>\u00a0<\/b><\/p>\n<h3><strong>L&rsquo;exposition est compos\u00e9e:<\/strong><\/h3>\n<p><b>1 &#8211; 31 affiches originales de films et les synopsis correspondants.<\/b><\/p>\n<p><i>Affiches sur support Kadapak de films de fiction et documentaires du cin\u00e9ma portugais des ann\u00e9es 70.<\/i><\/p>\n<p><b>2 &#8211; 15 photographies de r\u00e9alisat(rices)eurs portugais(e)s<\/b><\/p>\n<p><i>Photographies de Henrique Espirito Santo (format 30X30 N\/B).<\/i><\/p>\n<p><b>3 \u2013 1 installation num\u00e9rique et bilingue (fran\u00e7ais-portugais)<\/b><\/p>\n<p><i>Installation r\u00e9alis\u00e9e par Rogerio Taveira et Henrique Espirito Santo\u00a0: extraits de films, articles de presse, critiques, photographies, interviews des r\u00e9alisateurs.<\/i><\/p>\n<p><b>4 &#8211; Livres et revues d\u2019\u00e9poque sur le cin\u00e9ma portugais des ann\u00e9es 70<\/b><\/p>\n<p><i>Livres et revues en consultation t\u00e9moignant de la vitalit\u00e9 du cin\u00e9ma portugais des ann\u00e9es 70<\/i><\/p>\n<p><b>5\u00a0 &#8211; Rapports de la censure du cin\u00e9ma portugais<\/b><\/p>\n<p><i>Documents originaux et reproductions de la Censure de l\u2019Estado Novo collect\u00e9s par Henrique Espirito Santo.<\/i><\/p>\n<p><b>6 &#8211; Composition sonore originale avec la musique des films correspondants<\/b><\/p>\n<p><i>Musiques de film mise en sc\u00e8ne par Ant\u00f3nio de Sousa Dias (\u00e9lectro-acousticien et compositeur de musique de film<\/i>).<\/p>\n<p><b>7 \u2013 4 catalogues en fran\u00e7ais de l\u2019exposition en libre consultation<\/b><\/p>\n<p>Quelques exemples d&rsquo;affiches utilis\u00e9es dans l&rsquo;exposition :<\/p>\n<p><div id='gallery-1' class='gallery galleryid-1120 gallery-columns-3 gallery-size-thumbnail'><figure class='gallery-item'>\n\t\t\t<div class='gallery-icon landscape'>\n\t\t\t\t<a href='https:\/\/www.memoria-viva.fr\/mv2-archives\/?attachment_id=1121'><img width=\"150\" height=\"150\" src=\"https:\/\/www.memoria-viva.fr\/mv2-archives\/wp-content\/uploads\/2014\/02\/IMG_7647-150x150.jpeg\" class=\"attachment-thumbnail size-thumbnail\" alt=\"\" loading=\"lazy\" sizes=\"100vw\" \/><\/a>\n\t\t\t<\/div><\/figure><figure class='gallery-item'>\n\t\t\t<div class='gallery-icon portrait'>\n\t\t\t\t<a href='https:\/\/www.memoria-viva.fr\/mv2-archives\/?attachment_id=1122'><img width=\"150\" height=\"150\" src=\"https:\/\/www.memoria-viva.fr\/mv2-archives\/wp-content\/uploads\/2014\/02\/IMG_7649-150x150.jpeg\" class=\"attachment-thumbnail size-thumbnail\" alt=\"\" loading=\"lazy\" sizes=\"100vw\" \/><\/a>\n\t\t\t<\/div><\/figure><figure class='gallery-item'>\n\t\t\t<div class='gallery-icon portrait'>\n\t\t\t\t<a href='https:\/\/www.memoria-viva.fr\/mv2-archives\/?attachment_id=1123'><img width=\"150\" height=\"150\" src=\"https:\/\/www.memoria-viva.fr\/mv2-archives\/wp-content\/uploads\/2014\/02\/IMG_7650-150x150.jpeg\" class=\"attachment-thumbnail size-thumbnail\" alt=\"\" loading=\"lazy\" sizes=\"100vw\" \/><\/a>\n\t\t\t<\/div><\/figure><figure class='gallery-item'>\n\t\t\t<div class='gallery-icon portrait'>\n\t\t\t\t<a href='https:\/\/www.memoria-viva.fr\/mv2-archives\/?attachment_id=1124'><img width=\"150\" height=\"150\" src=\"https:\/\/www.memoria-viva.fr\/mv2-archives\/wp-content\/uploads\/2014\/02\/IMG_7653-150x150.jpeg\" class=\"attachment-thumbnail size-thumbnail\" alt=\"\" loading=\"lazy\" sizes=\"100vw\" \/><\/a>\n\t\t\t<\/div><\/figure><figure class='gallery-item'>\n\t\t\t<div class='gallery-icon landscape'>\n\t\t\t\t<a href='https:\/\/www.memoria-viva.fr\/mv2-archives\/?attachment_id=1125'><img width=\"150\" height=\"150\" src=\"https:\/\/www.memoria-viva.fr\/mv2-archives\/wp-content\/uploads\/2014\/02\/IMG_7655-150x150.jpeg\" class=\"attachment-thumbnail size-thumbnail\" alt=\"\" loading=\"lazy\" sizes=\"100vw\" \/><\/a>\n\t\t\t<\/div><\/figure><figure class='gallery-item'>\n\t\t\t<div class='gallery-icon portrait'>\n\t\t\t\t<a href='https:\/\/www.memoria-viva.fr\/mv2-archives\/?attachment_id=1126'><img width=\"150\" height=\"150\" src=\"https:\/\/www.memoria-viva.fr\/mv2-archives\/wp-content\/uploads\/2014\/02\/IMG_7657-150x150.jpeg\" class=\"attachment-thumbnail size-thumbnail\" alt=\"\" loading=\"lazy\" sizes=\"100vw\" \/><\/a>\n\t\t\t<\/div><\/figure><figure class='gallery-item'>\n\t\t\t<div class='gallery-icon portrait'>\n\t\t\t\t<a href='https:\/\/www.memoria-viva.fr\/mv2-archives\/?attachment_id=1127'><img width=\"150\" height=\"150\" src=\"https:\/\/www.memoria-viva.fr\/mv2-archives\/wp-content\/uploads\/2014\/02\/IMG_7658-150x150.jpeg\" class=\"attachment-thumbnail size-thumbnail\" alt=\"\" loading=\"lazy\" sizes=\"100vw\" \/><\/a>\n\t\t\t<\/div><\/figure><figure class='gallery-item'>\n\t\t\t<div class='gallery-icon portrait'>\n\t\t\t\t<a href='https:\/\/www.memoria-viva.fr\/mv2-archives\/?attachment_id=1128'><img width=\"150\" height=\"150\" src=\"https:\/\/www.memoria-viva.fr\/mv2-archives\/wp-content\/uploads\/2014\/02\/IMG_7660-150x150.jpeg\" class=\"attachment-thumbnail size-thumbnail\" alt=\"\" loading=\"lazy\" sizes=\"100vw\" \/><\/a>\n\t\t\t<\/div><\/figure><figure class='gallery-item'>\n\t\t\t<div class='gallery-icon portrait'>\n\t\t\t\t<a href='https:\/\/www.memoria-viva.fr\/mv2-archives\/?attachment_id=1129'><img width=\"150\" height=\"150\" src=\"https:\/\/www.memoria-viva.fr\/mv2-archives\/wp-content\/uploads\/2014\/02\/IMG_7662-150x150.jpeg\" class=\"attachment-thumbnail size-thumbnail\" alt=\"\" loading=\"lazy\" sizes=\"100vw\" \/><\/a>\n\t\t\t<\/div><\/figure><figure class='gallery-item'>\n\t\t\t<div class='gallery-icon portrait'>\n\t\t\t\t<a href='https:\/\/www.memoria-viva.fr\/mv2-archives\/?attachment_id=1130'><img width=\"150\" height=\"150\" src=\"https:\/\/www.memoria-viva.fr\/mv2-archives\/wp-content\/uploads\/2014\/02\/IMG_7663-150x150.jpeg\" class=\"attachment-thumbnail size-thumbnail\" alt=\"\" loading=\"lazy\" sizes=\"100vw\" \/><\/a>\n\t\t\t<\/div><\/figure><figure class='gallery-item'>\n\t\t\t<div class='gallery-icon landscape'>\n\t\t\t\t<a href='https:\/\/www.memoria-viva.fr\/mv2-archives\/?attachment_id=1131'><img width=\"150\" height=\"150\" src=\"https:\/\/www.memoria-viva.fr\/mv2-archives\/wp-content\/uploads\/2014\/02\/IMG_7664-150x150.jpeg\" class=\"attachment-thumbnail size-thumbnail\" alt=\"\" loading=\"lazy\" sizes=\"100vw\" \/><\/a>\n\t\t\t<\/div><\/figure><figure class='gallery-item'>\n\t\t\t<div class='gallery-icon portrait'>\n\t\t\t\t<a href='https:\/\/www.memoria-viva.fr\/mv2-archives\/?attachment_id=1132'><img width=\"150\" height=\"150\" src=\"https:\/\/www.memoria-viva.fr\/mv2-archives\/wp-content\/uploads\/2014\/02\/IMG_7666-150x150.jpeg\" class=\"attachment-thumbnail size-thumbnail\" alt=\"\" loading=\"lazy\" sizes=\"100vw\" \/><\/a>\n\t\t\t<\/div><\/figure><figure class='gallery-item'>\n\t\t\t<div class='gallery-icon portrait'>\n\t\t\t\t<a href='https:\/\/www.memoria-viva.fr\/mv2-archives\/?attachment_id=1133'><img width=\"150\" height=\"150\" src=\"https:\/\/www.memoria-viva.fr\/mv2-archives\/wp-content\/uploads\/2014\/02\/IMG_7667-150x150.jpeg\" class=\"attachment-thumbnail size-thumbnail\" alt=\"\" loading=\"lazy\" sizes=\"100vw\" \/><\/a>\n\t\t\t<\/div><\/figure><figure class='gallery-item'>\n\t\t\t<div class='gallery-icon portrait'>\n\t\t\t\t<a href='https:\/\/www.memoria-viva.fr\/mv2-archives\/?attachment_id=1134'><img width=\"150\" height=\"150\" src=\"https:\/\/www.memoria-viva.fr\/mv2-archives\/wp-content\/uploads\/2014\/02\/IMG_7668-150x150.jpeg\" class=\"attachment-thumbnail size-thumbnail\" alt=\"\" loading=\"lazy\" sizes=\"100vw\" \/><\/a>\n\t\t\t<\/div><\/figure><figure class='gallery-item'>\n\t\t\t<div class='gallery-icon portrait'>\n\t\t\t\t<a href='https:\/\/www.memoria-viva.fr\/mv2-archives\/?attachment_id=1135'><img width=\"150\" height=\"150\" src=\"https:\/\/www.memoria-viva.fr\/mv2-archives\/wp-content\/uploads\/2014\/02\/IMG_7669-150x150.jpeg\" class=\"attachment-thumbnail size-thumbnail\" alt=\"\" loading=\"lazy\" sizes=\"100vw\" \/><\/a>\n\t\t\t<\/div><\/figure><figure class='gallery-item'>\n\t\t\t<div class='gallery-icon portrait'>\n\t\t\t\t<a href='https:\/\/www.memoria-viva.fr\/mv2-archives\/?attachment_id=1136'><img width=\"150\" height=\"150\" src=\"https:\/\/www.memoria-viva.fr\/mv2-archives\/wp-content\/uploads\/2014\/02\/IMG_7670-150x150.jpeg\" class=\"attachment-thumbnail size-thumbnail\" alt=\"\" loading=\"lazy\" sizes=\"100vw\" \/><\/a>\n\t\t\t<\/div><\/figure><figure class='gallery-item'>\n\t\t\t<div class='gallery-icon portrait'>\n\t\t\t\t<a href='https:\/\/www.memoria-viva.fr\/mv2-archives\/?attachment_id=1137'><img width=\"150\" height=\"150\" src=\"https:\/\/www.memoria-viva.fr\/mv2-archives\/wp-content\/uploads\/2014\/02\/IMG_7672-150x150.jpeg\" class=\"attachment-thumbnail size-thumbnail\" alt=\"\" loading=\"lazy\" sizes=\"100vw\" \/><\/a>\n\t\t\t<\/div><\/figure><figure class='gallery-item'>\n\t\t\t<div class='gallery-icon portrait'>\n\t\t\t\t<a href='https:\/\/www.memoria-viva.fr\/mv2-archives\/?attachment_id=1138'><img width=\"150\" height=\"150\" src=\"https:\/\/www.memoria-viva.fr\/mv2-archives\/wp-content\/uploads\/2014\/02\/IMG_7673-150x150.jpeg\" class=\"attachment-thumbnail size-thumbnail\" alt=\"\" loading=\"lazy\" sizes=\"100vw\" \/><\/a>\n\t\t\t<\/div><\/figure><figure class='gallery-item'>\n\t\t\t<div class='gallery-icon portrait'>\n\t\t\t\t<a href='https:\/\/www.memoria-viva.fr\/mv2-archives\/?attachment_id=1139'><img width=\"150\" height=\"150\" src=\"https:\/\/www.memoria-viva.fr\/mv2-archives\/wp-content\/uploads\/2014\/02\/IMG_7674-150x150.jpeg\" class=\"attachment-thumbnail size-thumbnail\" alt=\"\" loading=\"lazy\" sizes=\"100vw\" \/><\/a>\n\t\t\t<\/div><\/figure><figure class='gallery-item'>\n\t\t\t<div class='gallery-icon portrait'>\n\t\t\t\t<a href='https:\/\/www.memoria-viva.fr\/mv2-archives\/?attachment_id=1140'><img width=\"150\" height=\"150\" src=\"https:\/\/www.memoria-viva.fr\/mv2-archives\/wp-content\/uploads\/2014\/02\/IMG_7675-150x150.jpeg\" class=\"attachment-thumbnail size-thumbnail\" alt=\"\" loading=\"lazy\" sizes=\"100vw\" \/><\/a>\n\t\t\t<\/div><\/figure><figure class='gallery-item'>\n\t\t\t<div class='gallery-icon portrait'>\n\t\t\t\t<a href='https:\/\/www.memoria-viva.fr\/mv2-archives\/?attachment_id=1141'><img width=\"150\" height=\"150\" src=\"https:\/\/www.memoria-viva.fr\/mv2-archives\/wp-content\/uploads\/2014\/02\/IMG_7677-150x150.jpeg\" class=\"attachment-thumbnail size-thumbnail\" alt=\"\" loading=\"lazy\" sizes=\"100vw\" \/><\/a>\n\t\t\t<\/div><\/figure><figure class='gallery-item'>\n\t\t\t<div class='gallery-icon portrait'>\n\t\t\t\t<a href='https:\/\/www.memoria-viva.fr\/mv2-archives\/?attachment_id=1142'><img width=\"150\" height=\"150\" src=\"https:\/\/www.memoria-viva.fr\/mv2-archives\/wp-content\/uploads\/2014\/02\/IMG_7678-150x150.jpeg\" class=\"attachment-thumbnail size-thumbnail\" alt=\"\" loading=\"lazy\" sizes=\"100vw\" \/><\/a>\n\t\t\t<\/div><\/figure><figure class='gallery-item'>\n\t\t\t<div class='gallery-icon portrait'>\n\t\t\t\t<a href='https:\/\/www.memoria-viva.fr\/mv2-archives\/?attachment_id=1143'><img width=\"150\" height=\"150\" src=\"https:\/\/www.memoria-viva.fr\/mv2-archives\/wp-content\/uploads\/2014\/02\/IMG_7679-150x150.jpeg\" class=\"attachment-thumbnail size-thumbnail\" alt=\"\" loading=\"lazy\" sizes=\"100vw\" \/><\/a>\n\t\t\t<\/div><\/figure><figure class='gallery-item'>\n\t\t\t<div class='gallery-icon portrait'>\n\t\t\t\t<a href='https:\/\/www.memoria-viva.fr\/mv2-archives\/?attachment_id=1144'><img width=\"150\" height=\"150\" src=\"https:\/\/www.memoria-viva.fr\/mv2-archives\/wp-content\/uploads\/2014\/02\/IMG_7680-150x150.jpeg\" class=\"attachment-thumbnail size-thumbnail\" alt=\"\" loading=\"lazy\" sizes=\"100vw\" \/><\/a>\n\t\t\t<\/div><\/figure><figure class='gallery-item'>\n\t\t\t<div class='gallery-icon portrait'>\n\t\t\t\t<a href='https:\/\/www.memoria-viva.fr\/mv2-archives\/?attachment_id=1145'><img width=\"150\" height=\"150\" src=\"https:\/\/www.memoria-viva.fr\/mv2-archives\/wp-content\/uploads\/2014\/02\/IMG_7681-150x150.jpeg\" class=\"attachment-thumbnail size-thumbnail\" alt=\"\" loading=\"lazy\" sizes=\"100vw\" \/><\/a>\n\t\t\t<\/div><\/figure><figure class='gallery-item'>\n\t\t\t<div class='gallery-icon portrait'>\n\t\t\t\t<a href='https:\/\/www.memoria-viva.fr\/mv2-archives\/?attachment_id=1146'><img width=\"150\" height=\"150\" src=\"https:\/\/www.memoria-viva.fr\/mv2-archives\/wp-content\/uploads\/2014\/02\/IMG_7682-150x150.jpeg\" class=\"attachment-thumbnail size-thumbnail\" alt=\"\" loading=\"lazy\" sizes=\"100vw\" \/><\/a>\n\t\t\t<\/div><\/figure><figure class='gallery-item'>\n\t\t\t<div class='gallery-icon portrait'>\n\t\t\t\t<a href='https:\/\/www.memoria-viva.fr\/mv2-archives\/?attachment_id=1147'><img width=\"150\" height=\"150\" src=\"https:\/\/www.memoria-viva.fr\/mv2-archives\/wp-content\/uploads\/2014\/02\/IMG_7683-150x150.jpeg\" class=\"attachment-thumbnail size-thumbnail\" alt=\"\" loading=\"lazy\" sizes=\"100vw\" \/><\/a>\n\t\t\t<\/div><\/figure><figure class='gallery-item'>\n\t\t\t<div class='gallery-icon portrait'>\n\t\t\t\t<a href='https:\/\/www.memoria-viva.fr\/mv2-archives\/?attachment_id=1148'><img width=\"150\" height=\"150\" src=\"https:\/\/www.memoria-viva.fr\/mv2-archives\/wp-content\/uploads\/2014\/02\/IMG_7685-150x150.jpeg\" class=\"attachment-thumbnail size-thumbnail\" alt=\"\" loading=\"lazy\" sizes=\"100vw\" \/><\/a>\n\t\t\t<\/div><\/figure><figure class='gallery-item'>\n\t\t\t<div class='gallery-icon portrait'>\n\t\t\t\t<a href='https:\/\/www.memoria-viva.fr\/mv2-archives\/?attachment_id=1149'><img width=\"150\" height=\"150\" src=\"https:\/\/www.memoria-viva.fr\/mv2-archives\/wp-content\/uploads\/2014\/02\/IMG_7686-150x150.jpeg\" class=\"attachment-thumbnail size-thumbnail\" alt=\"\" loading=\"lazy\" sizes=\"100vw\" \/><\/a>\n\t\t\t<\/div><\/figure><figure class='gallery-item'>\n\t\t\t<div class='gallery-icon portrait'>\n\t\t\t\t<a href='https:\/\/www.memoria-viva.fr\/mv2-archives\/?attachment_id=1150'><img width=\"150\" height=\"150\" src=\"https:\/\/www.memoria-viva.fr\/mv2-archives\/wp-content\/uploads\/2014\/02\/IMG_7688-150x150.jpeg\" class=\"attachment-thumbnail size-thumbnail\" alt=\"\" loading=\"lazy\" sizes=\"100vw\" \/><\/a>\n\t\t\t<\/div><\/figure><figure class='gallery-item'>\n\t\t\t<div class='gallery-icon portrait'>\n\t\t\t\t<a href='https:\/\/www.memoria-viva.fr\/mv2-archives\/?attachment_id=1151'><img width=\"150\" height=\"150\" src=\"https:\/\/www.memoria-viva.fr\/mv2-archives\/wp-content\/uploads\/2014\/02\/IMG_7689-150x150.jpeg\" class=\"attachment-thumbnail size-thumbnail\" alt=\"\" loading=\"lazy\" sizes=\"100vw\" \/><\/a>\n\t\t\t<\/div><\/figure><figure class='gallery-item'>\n\t\t\t<div class='gallery-icon portrait'>\n\t\t\t\t<a href='https:\/\/www.memoria-viva.fr\/mv2-archives\/?attachment_id=1152'><img width=\"150\" height=\"150\" src=\"https:\/\/www.memoria-viva.fr\/mv2-archives\/wp-content\/uploads\/2014\/02\/IMG_7690-150x150.jpeg\" class=\"attachment-thumbnail size-thumbnail\" alt=\"\" loading=\"lazy\" sizes=\"100vw\" \/><\/a>\n\t\t\t<\/div><\/figure><figure class='gallery-item'>\n\t\t\t<div class='gallery-icon portrait'>\n\t\t\t\t<a href='https:\/\/www.memoria-viva.fr\/mv2-archives\/?attachment_id=1153'><img width=\"150\" height=\"150\" src=\"https:\/\/www.memoria-viva.fr\/mv2-archives\/wp-content\/uploads\/2014\/02\/IMG_7691-150x150.jpeg\" class=\"attachment-thumbnail size-thumbnail\" alt=\"\" loading=\"lazy\" sizes=\"100vw\" \/><\/a>\n\t\t\t<\/div><\/figure><figure class='gallery-item'>\n\t\t\t<div class='gallery-icon portrait'>\n\t\t\t\t<a href='https:\/\/www.memoria-viva.fr\/mv2-archives\/?attachment_id=1154'><img width=\"150\" height=\"150\" src=\"https:\/\/www.memoria-viva.fr\/mv2-archives\/wp-content\/uploads\/2014\/02\/IMG_7692-150x150.jpeg\" class=\"attachment-thumbnail size-thumbnail\" alt=\"\" loading=\"lazy\" sizes=\"100vw\" \/><\/a>\n\t\t\t<\/div><\/figure><figure class='gallery-item'>\n\t\t\t<div class='gallery-icon portrait'>\n\t\t\t\t<a href='https:\/\/www.memoria-viva.fr\/mv2-archives\/?attachment_id=1155'><img width=\"150\" height=\"150\" src=\"https:\/\/www.memoria-viva.fr\/mv2-archives\/wp-content\/uploads\/2014\/02\/IMG_7693-150x150.jpeg\" class=\"attachment-thumbnail size-thumbnail\" alt=\"\" loading=\"lazy\" sizes=\"100vw\" \/><\/a>\n\t\t\t<\/div><\/figure><figure class='gallery-item'>\n\t\t\t<div class='gallery-icon portrait'>\n\t\t\t\t<a href='https:\/\/www.memoria-viva.fr\/mv2-archives\/?attachment_id=1156'><img width=\"150\" height=\"150\" src=\"https:\/\/www.memoria-viva.fr\/mv2-archives\/wp-content\/uploads\/2014\/02\/IMG_7694-150x150.jpeg\" class=\"attachment-thumbnail size-thumbnail\" alt=\"\" loading=\"lazy\" sizes=\"100vw\" \/><\/a>\n\t\t\t<\/div><\/figure><figure class='gallery-item'>\n\t\t\t<div class='gallery-icon landscape'>\n\t\t\t\t<a href='https:\/\/www.memoria-viva.fr\/mv2-archives\/?attachment_id=1157'><img width=\"150\" height=\"150\" src=\"https:\/\/www.memoria-viva.fr\/mv2-archives\/wp-content\/uploads\/2014\/02\/IMG_7695-150x150.jpeg\" class=\"attachment-thumbnail size-thumbnail\" alt=\"\" loading=\"lazy\" sizes=\"100vw\" \/><\/a>\n\t\t\t<\/div><\/figure><figure class='gallery-item'>\n\t\t\t<div class='gallery-icon landscape'>\n\t\t\t\t<a href='https:\/\/www.memoria-viva.fr\/mv2-archives\/?attachment_id=1158'><img width=\"150\" height=\"150\" src=\"https:\/\/www.memoria-viva.fr\/mv2-archives\/wp-content\/uploads\/2014\/02\/IMG_7696-150x150.jpeg\" class=\"attachment-thumbnail size-thumbnail\" alt=\"\" loading=\"lazy\" sizes=\"100vw\" \/><\/a>\n\t\t\t<\/div><\/figure><figure class='gallery-item'>\n\t\t\t<div class='gallery-icon portrait'>\n\t\t\t\t<a href='https:\/\/www.memoria-viva.fr\/mv2-archives\/?attachment_id=1159'><img width=\"150\" height=\"150\" src=\"https:\/\/www.memoria-viva.fr\/mv2-archives\/wp-content\/uploads\/2014\/02\/IMG_7697-150x150.jpeg\" class=\"attachment-thumbnail size-thumbnail\" alt=\"\" loading=\"lazy\" sizes=\"100vw\" \/><\/a>\n\t\t\t<\/div><\/figure><figure class='gallery-item'>\n\t\t\t<div class='gallery-icon portrait'>\n\t\t\t\t<a href='https:\/\/www.memoria-viva.fr\/mv2-archives\/?attachment_id=1160'><img width=\"150\" height=\"150\" src=\"https:\/\/www.memoria-viva.fr\/mv2-archives\/wp-content\/uploads\/2014\/02\/IMG_7698-150x150.jpg\" class=\"attachment-thumbnail size-thumbnail\" alt=\"\" loading=\"lazy\" sizes=\"100vw\" \/><\/a>\n\t\t\t<\/div><\/figure>\n\t\t<\/div>\n<!--:--><\/p>\n","protected":false},"excerpt":{"rendered":"<p>\u00ab\u00a0Cinema portugais ann\u00e9es 70, de la r\u00e9sistance \u00e0 la libert\u00e9\u00a0\u00bb, est une exposition constitu\u00e9e autour du cin\u00e9ma d\u2019Henrique Espirito Santo.\u00a0Figure embl\u00e9matique de l\u2019Histoire du cin\u00e9ma portugais, il a, tout au long de sa carri\u00e8re de cin\u00e9-clubiste, producteur, professeur, acteur et responsable des instituts publics du Cin\u00e9ma Portugais amass\u00e9 et conserv\u00e9 de nombreux documents, des ann\u00e9es &hellip; <\/p>\n<p class=\"link-more\"><a href=\"https:\/\/www.memoria-viva.fr\/mv2-archives\/?page_id=1120\" class=\"more-link\">Continuer la lecture<span class=\"screen-reader-text\"> de &laquo;&nbsp;<!--:fr-->Cin\u00e9ma Portugais ann\u00e9es 70 &#8211; De la r\u00e9sistance \u00e0 la libert\u00e9<!--:--><!--:pt-->Cinema Portugu\u00eas anos 70 &#8211; Da resist\u00eancia a liberdade<!--:-->&nbsp;&raquo;<\/span><\/a><\/p>\n","protected":false},"author":2,"featured_media":0,"parent":0,"menu_order":0,"comment_status":"open","ping_status":"open","template":"","meta":[],"_links":{"self":[{"href":"https:\/\/www.memoria-viva.fr\/mv2-archives\/index.php?rest_route=\/wp\/v2\/pages\/1120"}],"collection":[{"href":"https:\/\/www.memoria-viva.fr\/mv2-archives\/index.php?rest_route=\/wp\/v2\/pages"}],"about":[{"href":"https:\/\/www.memoria-viva.fr\/mv2-archives\/index.php?rest_route=\/wp\/v2\/types\/page"}],"author":[{"embeddable":true,"href":"https:\/\/www.memoria-viva.fr\/mv2-archives\/index.php?rest_route=\/wp\/v2\/users\/2"}],"replies":[{"embeddable":true,"href":"https:\/\/www.memoria-viva.fr\/mv2-archives\/index.php?rest_route=%2Fwp%2Fv2%2Fcomments&post=1120"}],"version-history":[{"count":0,"href":"https:\/\/www.memoria-viva.fr\/mv2-archives\/index.php?rest_route=\/wp\/v2\/pages\/1120\/revisions"}],"wp:attachment":[{"href":"https:\/\/www.memoria-viva.fr\/mv2-archives\/index.php?rest_route=%2Fwp%2Fv2%2Fmedia&parent=1120"}],"curies":[{"name":"wp","href":"https:\/\/api.w.org\/{rel}","templated":true}]}}