{"id":113,"date":"2013-04-10T15:30:42","date_gmt":"2013-04-10T14:30:42","guid":{"rendered":"http:\/\/www.memoria-viva.fr\/wordpress\/?page_id=113"},"modified":"2014-01-16T00:02:52","modified_gmt":"2014-01-15T23:02:52","slug":"education-populaire","status":"publish","type":"page","link":"https:\/\/www.memoria-viva.fr\/mv2-archives\/?page_id=113","title":{"rendered":"<!--:fr-->Pr\u00e9sentation des actions p\u00e9dagogiques<!--:--><!--:pt-->Ac\u00e7\u00f5es pedagogicas<!--:-->"},"content":{"rendered":"<p><!--:fr-->En construction<!--:--><!--:pt-->Em constru\u00e7\u00e3o<!--:--><\/p>\n","protected":false},"excerpt":{"rendered":"<p>En constructionEm constru\u00e7\u00e3o<\/p>\n","protected":false},"author":6,"featured_media":0,"parent":0,"menu_order":0,"comment_status":"open","ping_status":"open","template":"","meta":[],"_links":{"self":[{"href":"https:\/\/www.memoria-viva.fr\/mv2-archives\/index.php?rest_route=\/wp\/v2\/pages\/113"}],"collection":[{"href":"https:\/\/www.memoria-viva.fr\/mv2-archives\/index.php?rest_route=\/wp\/v2\/pages"}],"about":[{"href":"https:\/\/www.memoria-viva.fr\/mv2-archives\/index.php?rest_route=\/wp\/v2\/types\/page"}],"author":[{"embeddable":true,"href":"https:\/\/www.memoria-viva.fr\/mv2-archives\/index.php?rest_route=\/wp\/v2\/users\/6"}],"replies":[{"embeddable":true,"href":"https:\/\/www.memoria-viva.fr\/mv2-archives\/index.php?rest_route=%2Fwp%2Fv2%2Fcomments&post=113"}],"version-history":[{"count":0,"href":"https:\/\/www.memoria-viva.fr\/mv2-archives\/index.php?rest_route=\/wp\/v2\/pages\/113\/revisions"}],"wp:attachment":[{"href":"https:\/\/www.memoria-viva.fr\/mv2-archives\/index.php?rest_route=%2Fwp%2Fv2%2Fmedia&parent=113"}],"curies":[{"name":"wp","href":"https:\/\/api.w.org\/{rel}","templated":true}]}}