{"id":1493,"date":"2015-10-07T14:31:55","date_gmt":"2015-10-07T13:31:55","guid":{"rendered":"http:\/\/www.memoria-viva.fr\/?page_id=1493"},"modified":"2020-11-28T17:12:39","modified_gmt":"2020-11-28T16:12:39","slug":"expression-libre","status":"publish","type":"page","link":"https:\/\/www.memoria-viva.fr\/mv2-archives\/?page_id=1493","title":{"rendered":"Expression libre"},"content":{"rendered":"<p><a href=\"http:\/\/www.memoria-viva.fr\/category\/expression-libre\/\">Retrouvez dans cette rubrique<\/a> des articles, des tribunes, des analyses et des coups de gueule sur toutes les th\u00e9matiques li\u00e9es \u00e0 l&rsquo;immigration portugaise.<\/p>\n<p><a href=\"http:\/\/www.memoria-viva.fr\/category\/expression-libre\/poesie-entre-deux-rives\/\">Dans \u00ab\u00a0Po\u00e9sie entre deux rives\u00a0\u00bb<\/a>, nous pr\u00e9senterons un de ces po\u00e8tes, \u00e0 travers une br\u00e8ve notice biographique et quelques po\u00e8mes.<\/p>\n<p>&nbsp;<\/p>\n<p><a href=\"http:\/\/www.memoria-viva.fr\/wp-content\/uploads\/2015\/10\/ob_2c3e81_1111-4-portugais-immigre-lisant.jpg\"><img loading=\"lazy\" class=\"alignnone size-full wp-image-1499\" src=\"http:\/\/www.memoria-viva.fr\/wp-content\/uploads\/2015\/10\/ob_2c3e81_1111-4-portugais-immigre-lisant.jpg\" alt=\"ob_2c3e81_1111-4-portugais-immigre-lisant\" width=\"1200\" height=\"874\" srcset=\"https:\/\/www.memoria-viva.fr\/mv2-archives\/wp-content\/uploads\/2015\/10\/ob_2c3e81_1111-4-portugais-immigre-lisant.jpg 1200w, https:\/\/www.memoria-viva.fr\/mv2-archives\/wp-content\/uploads\/2015\/10\/ob_2c3e81_1111-4-portugais-immigre-lisant-300x219.jpg 300w, https:\/\/www.memoria-viva.fr\/mv2-archives\/wp-content\/uploads\/2015\/10\/ob_2c3e81_1111-4-portugais-immigre-lisant-1024x746.jpg 1024w\" sizes=\"(max-width: 767px) 89vw, (max-width: 1000px) 54vw, (max-width: 1071px) 543px, 580px\" \/><\/a><\/p>\n","protected":false},"excerpt":{"rendered":"<p>Retrouvez dans cette rubrique des articles, des tribunes, des analyses et des coups de gueule sur toutes les th\u00e9matiques li\u00e9es \u00e0 l&rsquo;immigration portugaise. Dans \u00ab\u00a0Po\u00e9sie entre deux rives\u00a0\u00bb, nous pr\u00e9senterons un de ces po\u00e8tes, \u00e0 travers une br\u00e8ve notice biographique et quelques po\u00e8mes. &nbsp;<\/p>\n","protected":false},"author":2,"featured_media":0,"parent":0,"menu_order":0,"comment_status":"open","ping_status":"open","template":"","meta":[],"_links":{"self":[{"href":"https:\/\/www.memoria-viva.fr\/mv2-archives\/index.php?rest_route=\/wp\/v2\/pages\/1493"}],"collection":[{"href":"https:\/\/www.memoria-viva.fr\/mv2-archives\/index.php?rest_route=\/wp\/v2\/pages"}],"about":[{"href":"https:\/\/www.memoria-viva.fr\/mv2-archives\/index.php?rest_route=\/wp\/v2\/types\/page"}],"author":[{"embeddable":true,"href":"https:\/\/www.memoria-viva.fr\/mv2-archives\/index.php?rest_route=\/wp\/v2\/users\/2"}],"replies":[{"embeddable":true,"href":"https:\/\/www.memoria-viva.fr\/mv2-archives\/index.php?rest_route=%2Fwp%2Fv2%2Fcomments&post=1493"}],"version-history":[{"count":0,"href":"https:\/\/www.memoria-viva.fr\/mv2-archives\/index.php?rest_route=\/wp\/v2\/pages\/1493\/revisions"}],"wp:attachment":[{"href":"https:\/\/www.memoria-viva.fr\/mv2-archives\/index.php?rest_route=%2Fwp%2Fv2%2Fmedia&parent=1493"}],"curies":[{"name":"wp","href":"https:\/\/api.w.org\/{rel}","templated":true}]}}