{"id":2,"date":"2013-02-02T14:45:06","date_gmt":"2013-02-02T14:45:06","guid":{"rendered":"http:\/\/www.memoria-viva.fr\/wordpress\/?page_id=2"},"modified":"2021-10-08T14:35:39","modified_gmt":"2021-10-08T13:35:39","slug":"page-d-exemple","status":"publish","type":"page","link":"https:\/\/www.memoria-viva.fr\/mv2-archives\/","title":{"rendered":""},"content":{"rendered":"\r\n<h1>Notre actualit\u00e9 &#8211; Mars 2021<\/h1>\r\n<h3>Nous rencontrons des difficult\u00e9s techniques avec ce site, nous ne pouvons plus ajouter de nouveaux articles ou modifier son design. Il sera mis \u00e0 jour quand nous pourrons. Nous recherchons un\u00b7e prestataire avec des comp\u00e9tences en wordpress, contactez-nous via facebook si vous \u00eates disponible<\/h3>\r\n<p>Vous pouvez nous retrouver sur <a href=\"https:\/\/www.facebook.com\/Association-Memoria-Viva-M%C3%A9moire-Vive-347994549674\/\">notre page facebook<\/a> pour \u00eatre tenu\u00b7e\u00b7s au courant de notre actualit\u00e9. Nous y partageons r\u00e9guli\u00e8rement des \u00e9v\u00e8nements ou articles d&rsquo;autres structures.<\/p>\r\n<p>Des nouvelles du projet #ECOS qui malgr\u00e9 le Covid avance, notamment en ligne, le site du projet est d\u00e9sormais traduit en fran\u00e7ais &lt;a <a href=\"https:\/\/ecosexilios-cria.org\/fr\/\/\">https:\/\/ecosexilios-cria.org\/fr\/<\/a><\/p>\r\n<p>Pour d\u00e9couvrir le projet <a href=\"http:\/\/www.memoria-viva.fr\/ecos-exils-contrarier-le-silence-memoires-objets-et-narrations-de-temps-incertains\/\">http:\/\/www.memoria-viva.fr\/ecos-exils-contrarier-le-silence-memoires-objets-et-narrations-de-temps-incertains\/<\/a><\/p>\r\n\r\n\r\n\r\n<h1>Qui sommes nous ?<\/h1>\r\n<p>En avril 2003, nous avons cr\u00e9\u00e9 l&rsquo;association M\u00e9moire Vive\/Mem\u00f3ria Viva dont l&rsquo;objectif est de \u00ab\u00a0<strong>recueillir et transmettre la m\u00e9moire de l&rsquo;immigration portugaise dans un esprit d&rsquo;\u00e9change et d&rsquo;ouverture<\/strong>\u00ab\u00a0.<\/p>\r\n<p>Pour avoir v\u00e9cu l&rsquo;immigration portugaise de l&rsquo;int\u00e9rieur, ou pour y \u00eatre li\u00e9 par la vie professionnelle ou priv\u00e9e, nous sommes tous int\u00e9ress\u00e9s \u00e0 comprendre les conditions historiques, politiques, \u00e9conomiques et sociales qui entourent les ph\u00e9nom\u00e8nes de l&rsquo;\u00e9migration\/immigration.<\/p>\r\n<p>L&rsquo;immigration portugaise n&rsquo;a pas de lieu qui t\u00e9moigne de son histoire, des enjeux qui la traversent, des d\u00e9bats qui l&rsquo;animent, des livres ou des images qui la racontent.<\/p>\r\n<p>Plus de soixante ans se sont \u00e9coul\u00e9s depuis le d\u00e9but de la plus grande \u00e9migration clandestine dans l&rsquo;Europe de l&rsquo;apr\u00e8s-guerre : des hommes, des femmes fuyaient alors la mis\u00e8re, la dictature salazariste, les guerres coloniales.<\/p>\r\n<p>Des villages entiers se sont vid\u00e9s dans le silence et la peur, des hommes ont d\u00e9sert\u00e9 pour na pas combattre en Afrique, des intellectuels, des artistes, des \u00eatres \u00e9pris de libert\u00e9 de parole et d&rsquo;action ont quitt\u00e9s, pour la majorit\u00e9, clandestinement, leur pays.<\/p>\r\n<p><strong>Or, tr\u00e8s peu de choses existent sur cette histoire<\/strong> : d\u00e9parts, voyages, arriv\u00e9es, r\u00e9seaux professionnels, artistiques, politiques et affectifs tiss\u00e9s dans les pays d&rsquo;accueil, vies nouvelles qui y furent et y sont b\u00e2ties, retours&#8230; Cette absence ou ce silence, donne lieu \u00e0 bien des pr\u00e9jug\u00e9s, des images statufi\u00e9es, des incompr\u00e9hensions, des refoulements, parfois des replis.<\/p>\r\n<p>Ainsi, r\u00e9duire l&rsquo;immigration portugaise \u00e0 une immigration \u00e9conomique, de populations rurales semi-analphab\u00e8tes comme c&rsquo;est souvent le cas, en occulte la dimension politique : dictature, sous-d\u00e9veloppement et guerres coloniales ne sont-ils pas intimement, inextricablement li\u00e9s dans l&rsquo;exode des ann\u00e9es 60 ?<\/p>\r\n<p>Le caract\u00e8re massif de l&rsquo;immigration portugaise illustre bien le \u00ab\u00a0non\u00a0\u00bb que l&rsquo;\u00e9migrant oppose \u00e0 toute forme de contraintes, de coercitions, d&rsquo;avilissements. C&rsquo;est \u00e0 partir de ce constat que nous avons imagin\u00e9 la cr\u00e9ation du site internet \u00ab\u00a0sudexpress.org\u00a0\u00bb comme un lieu de transmission et de connaissance, en dialogue constant avec l&rsquo;histoire des migrations d&rsquo;hier et d&rsquo;aujourd&rsquo;hui,&amp;nbsp;o\u00f9 des personnes (immigr\u00e9s, enfants d&rsquo;immigr\u00e9s, t\u00e9moins divers, chercheurs, artistes&#8230;) sont invit\u00e9s \u00e0 construire, visiter ou revisiter cette histoire.<\/p>\r\n<p>Notre association se veut, en ce sens, un espace de t\u00e9moignage mais aussi de dialogue, de recherche et de rencontre de l&rsquo;Autre.<\/p>\r\n<p><strong>Nous nous sommes ensuite pos\u00e9s la question de la divulgation de ce travail de recueil.<\/strong><\/p>\r\n<p>&nbsp;<\/p>\r\n\r\n\r\n\r\n<p class=\"p1\">Nous avons organis\u00e9 un ensemble d\u2019\u00e9v\u00e8nements (expositions, projections, conf\u00e9rences, d\u00e9bats\u2026) ayant permis de diffuser, dans un esprit d\u2019\u00e9ducation populaire, la m\u00e9moire de cette immigration.<br \/><br \/><\/p>\r\n<p class=\"p1\">Nous avons organis\u00e9 un ensemble d\u2019\u00e9v\u00e8nements (expositions, projections, conf\u00e9rences, d\u00e9bats\u2026) ayant permis de diffuser, dans un esprit d\u2019\u00e9ducation populaire, la m\u00e9moire de cette immigration.<\/p>\r\n<p class=\"p1\">Nous travaillons aujourd\u2019hui \u00e0 \u00e9diter et\/ou divulguer des supports \u00e0 des fins p\u00e9dagogique o\u00f9 d\u2019expression sur les th\u00e9matiques que nous d\u00e9fendons (livres, dvds, expositions\u2026)<\/p>\r\n<h2 class=\"p1\">Cr\u00e9ation d\u2019un fond d\u2019archives \u00e0 la BDIC<\/h2>\r\n<p class=\"p1\">Nous organisons la cr\u00e9ation et la divulgation d\u2019un fond d\u2019archive sur l\u2019immigration portugaise. Cela r\u00e9pond d\u2019abord \u00e0 une n\u00e9cessit\u00e9 physique de pr\u00e9servation des documents comme \u00e0 combler un vide injustifi\u00e9 des archives fran\u00e7aises et portugaises sur la question. De plus, l\u2019id\u00e9e est de stimuler la recherche sur ces th\u00e9matiques comme de permettre au maximum de monde une consultation physique et multi-support (document, photographie, film\u2026)<\/p>\r\n<h2>Nous mettons \u00e0 disposition \u00e9galement du mat\u00e9riel p\u00e9dagogique.<\/h2>\r\n<ul>\r\n<li style=\"list-style-type: none;\">\r\n<ul>\r\n<li class=\"p1\"><a href=\"https:\/\/www.memoria-viva.fr\/expositions\/\">Expositions<\/a><\/li>\r\n<li>\r\n<p class=\"p1\"><a href=\"https:\/\/www.memoria-viva.fr\/conferences\/\">Conf\u00e9rences<\/a><\/p>\r\n<\/li>\r\n<li>\r\n<p class=\"p1\"><span style=\"font-size: inherit;\">Atelier dans les \u00e9coles<\/span><\/p>\r\n<\/li>\r\n<\/ul>\r\n<\/li>\r\n<\/ul>\r\n<h2 class=\"p1\"><span style=\"font-size: inherit;\">Nos actions<\/span><\/h2>\r\n<ul>\r\n<li>\r\n<p class=\"p1\">#ECOS Exils, contrarier le silence : m\u00e9moires, objets et narrations de temps incertains<\/p>\r\n<\/li>\r\n<li>\r\n<p class=\"p1\">Le projet Sud Express<\/p>\r\n<\/li>\r\n<li>\r\n<p class=\"p1\">Un fond d\u2019archive \u00e0 la BDIC<\/p>\r\n<\/li>\r\n<li>\r\n<p class=\"p1\">Projections de films<\/p>\r\n<\/li>\r\n<\/ul>\r\n<p>&nbsp;<\/p>\r\n<p class=\"p1\">Si vous souhaitez soutenir nos actions, vous pouvez adh\u00e9rez \u00e0 notre association <a href=\"https:\/\/www.memoria-viva.fr\/adhesion\/\">https:\/\/www.memoria-viva.fr\/adhesion\/<\/a><\/p>\r\n\r\n\r\n<hr class=\"wp-block-separator\" \/>\r\n\r\n\r\n<blockquote class=\"wp-block-quote\">\r\n<p>La photographie utilis\u00e9e sur notre site est du photographe G\u00e9rald Bloncourt (1926-2018).<br \/>Passage d\u2019immigr\u00e9s portugais clandestins dans les Pyr\u00e9n\u00e9es en mars 1965<\/p>\r\n<cite>Pour en savoir plus sur l\u2019\u0153uvre de ce \u00ab\u00a0franc-tireur de l&rsquo;image\u00a0\u00bb, vous pouvez consulter son site, un article que nous lui avons consacr\u00e9 et quelques unes de ses photographies.<br \/><em>\u00a9 Gerald Bloncourt \/ Mus\u00e9e national de l\u2019histoire et des cultures de l\u2019immigration, CNHI.<\/em><\/cite><\/blockquote>\r\n","protected":false},"excerpt":{"rendered":"<p>La photographie utilis\u00e9e sur notre site est du photographe G\u00e9rald Bloncourt (1926-2018).Passage d\u2019immigr\u00e9s portugais clandestins dans les Pyr\u00e9n\u00e9es en mars 1965 Pour en savoir plus sur l\u2019\u0153uvre de ce \u00ab\u00a0franc-tireur de l&rsquo;image\u00a0\u00bb, vous pouvez consulter son site, un article que nous lui avons consacr\u00e9 et quelques unes de ses photographies.\u00a9 Gerald Bloncourt \/ Mus\u00e9e national &hellip; <\/p>\n<p class=\"link-more\"><a href=\"https:\/\/www.memoria-viva.fr\/mv2-archives\/\" class=\"more-link\">Continuer la lecture<span class=\"screen-reader-text\"> de &laquo;&nbsp;&nbsp;&raquo;<\/span><\/a><\/p>\n","protected":false},"author":6,"featured_media":228,"parent":0,"menu_order":0,"comment_status":"closed","ping_status":"closed","template":"","meta":[],"_links":{"self":[{"href":"https:\/\/www.memoria-viva.fr\/mv2-archives\/index.php?rest_route=\/wp\/v2\/pages\/2"}],"collection":[{"href":"https:\/\/www.memoria-viva.fr\/mv2-archives\/index.php?rest_route=\/wp\/v2\/pages"}],"about":[{"href":"https:\/\/www.memoria-viva.fr\/mv2-archives\/index.php?rest_route=\/wp\/v2\/types\/page"}],"author":[{"embeddable":true,"href":"https:\/\/www.memoria-viva.fr\/mv2-archives\/index.php?rest_route=\/wp\/v2\/users\/6"}],"replies":[{"embeddable":true,"href":"https:\/\/www.memoria-viva.fr\/mv2-archives\/index.php?rest_route=%2Fwp%2Fv2%2Fcomments&post=2"}],"version-history":[{"count":1,"href":"https:\/\/www.memoria-viva.fr\/mv2-archives\/index.php?rest_route=\/wp\/v2\/pages\/2\/revisions"}],"predecessor-version":[{"id":0,"href":"https:\/\/www.memoria-viva.fr\/mv2-archives\/index.php?rest_route=\/wp\/v2\/pages\/2\/revisions\/0"}],"wp:featuredmedia":[{"embeddable":true,"href":"https:\/\/www.memoria-viva.fr\/mv2-archives\/index.php?rest_route=\/wp\/v2\/media\/228"}],"wp:attachment":[{"href":"https:\/\/www.memoria-viva.fr\/mv2-archives\/index.php?rest_route=%2Fwp%2Fv2%2Fmedia&parent=2"}],"curies":[{"name":"wp","href":"https:\/\/api.w.org\/{rel}","templated":true}]}}