{"id":2374,"date":"2020-06-17T07:53:56","date_gmt":"2020-06-17T06:53:56","guid":{"rendered":"http:\/\/www.memoria-viva.fr\/?page_id=2374"},"modified":"2020-10-14T19:42:42","modified_gmt":"2020-10-14T18:42:42","slug":"ecos-exils-contrarier-le-silence-memoires-objets-et-narrations-de-temps-incertains","status":"publish","type":"page","link":"https:\/\/www.memoria-viva.fr\/mv2-archives\/?page_id=2374","title":{"rendered":"#ECOS Exils, contrarier le silence : m\u00e9moires, objets et narrations de temps incertains."},"content":{"rendered":"\r\n<p>Notre association est&nbsp; partie int\u00e9grante du projet europ\u00e9en #ECOS (<a href=\"https:\/\/ecosexilios-cria.org\/\" rel=\"noopener noreferrer\" target=\"_blank\">https:\/\/ecosexilios-cria.org\/<\/a>) dans le cadre duquel nous allons organiser des \u00e9v\u00e9nements et des ateliers divers dans les \u00e9coles autour de la notion d&rsquo;exil jusqu&rsquo;en fin d&rsquo;ann\u00e9e 2021.<\/p>\r\n\r\n\r\n\r\n<h3>#ECOS est un projet interdisciplinaire qui rend compte de l\u2019exp\u00e9rience de l\u2019exil en Europe en s\u2019appuyant notamment sur l\u2019histoire de l\u2019immigration portugaise.<\/h3>\r\n\r\n\r\n\r\n<p>Fruit d\u2019une coop\u00e9ration entre des associations et des institutions portugaises, fran\u00e7aises et danoises, il est coordonn\u00e9 par le Centre en R\u00e9seau de Recherche en Anthropologie (CRIA) de l\u2019Universit\u00e9 nouvelle de Lisbonne.&nbsp;<\/p>\r\n\r\n\r\n\r\n<p>#ECOS s\u2019articule autour d\u2019activit\u00e9s p\u00e9dagogiques dirig\u00e9es vers le jeune public et qui mettent en valeur des d\u00e9marches associatives et artistiques qui travaillent des exp\u00e9riences v\u00e9cues par des exil\u00e9s europ\u00e9ens. Pour cela, #ECOS met \u00e0 disposition des documents d\u2019archives, une exposition itin\u00e9rante, des rencontres avec des t\u00e9moins de cette histoire, des projections de films, des ateliers avec des r\u00e9alisateurs, une pi\u00e8ce de th\u00e9\u00e2tre et des ateliers avec des com\u00e9diens. En tant que partenaire du projet, l\u2019association M\u00e9moire vive \/ Mem\u00f3ria viva est le principal coordinateur des activit\u00e9s en France.&nbsp;<\/p>\r\n\r\n\r\n\r\n<p>Le projet int\u00e8gre donc une \u00e9quipe de chercheurs, de r\u00e9alisateurs, de com\u00e9diens, de sc\u00e9nographes ainsi que des protagonistes de cet exil, cr\u00e9ant un dialogue interg\u00e9n\u00e9rationnel.&nbsp;<\/p>\r\n\r\n\r\n\r\n<p>Le projet vise \u00e9galement \u00e0 cr\u00e9er une \u00ab plateforme europ\u00e9enne de r\u00e9flexion sur l\u2019exil \u00bb avec des contenus en anglais, fran\u00e7ais, portugais et danois, l\u2019id\u00e9e \u00e9tant d\u2019alimenter cette m\u00e9moire, en constante construction.&nbsp;<\/p>\r\n\r\n\r\n\r\n<p>Le site internet <a href=\"https:\/\/ecosexilios-cria.org\/\" target=\"_blank\" rel=\"noreferrer noopener\">https:\/\/ecosexilios-cria.org\/ <\/a>se maintiendra apr\u00e8s la conclusion des activit\u00e9s du projet, alimentant un d\u00e9bat permanent sur ces questions et promouvant les activit\u00e9s de la future plateforme et des associations qui y participent.<\/p>\r\n\r\n\r\n\r\n<h3>Les structures partenaires<\/h3>\r\n\r\n\r\n\r\n<p><strong>&nbsp;<\/strong><strong>Centre en R\u00e9seau de Recherche en Anthropologie (CRIA) de l\u2019Universit\u00e9&nbsp;<\/strong><\/p>\r\n\r\n\r\n\r\n<p><strong>Nouvelle de Lisbonne. <\/strong>http:\/\/cria.org.pt&nbsp;<\/p>\r\n\r\n\r\n\r\n<p><strong>&#8211; <\/strong><strong>Association des Exil\u00e9s politiques 1961-1974 (AEP 61-74)<\/strong>, Lisbonne.&nbsp;<\/p>\r\n\r\n\r\n\r\n<p><a href=\"http:\/\/aep61-74.org\">http:\/\/aep61-74.org<\/a><\/p>\r\n\r\n\r\n\r\n<p><strong>&#8211; <\/strong><strong>Unit\u00e9 de Recherches Migrations et Soci\u00e9t\u00e9 (URMIS), CNRS<\/strong>, Paris.&nbsp;<\/p>\r\n\r\n\r\n\r\n<p><a href=\"http:\/\/www.urmis.fr\">http:\/\/www.urmis.fr<\/a><\/p>\r\n\r\n\r\n\r\n<p><strong>&#8211; <\/strong><strong>Association m\u00e9moire vive \/ Mem\u00f3ria viva<\/strong>, Paris.&nbsp;<\/p>\r\n\r\n\r\n\r\n<p>&#8211; <strong>Le centre culturel Casa da Esquina<\/strong>, Coimbra.&nbsp;<\/p>\r\n\r\n\r\n\r\n<p><a href=\"http:\/\/nacasadaesquina.blogspot.com\">http:\/\/nacasadaesquina.blogspot.com<\/a><\/p>\r\n\r\n\r\n\r\n<p>&#8211; <strong>Faculty of Humanities, Universit\u00e9 de Copenhague<\/strong>.&nbsp;<\/p>\r\n\r\n\r\n\r\n<p><a href=\"https:\/\/humanities.ku.dk\/\">https:\/\/humanities.ku.dk\/<\/a><\/p>\r\n","protected":false},"excerpt":{"rendered":"<p>Notre association est&nbsp; partie int\u00e9grante du projet europ\u00e9en #ECOS (https:\/\/ecosexilios-cria.org\/) dans le cadre duquel nous allons organiser des \u00e9v\u00e9nements et des ateliers divers dans les \u00e9coles autour de la notion d&rsquo;exil jusqu&rsquo;en fin d&rsquo;ann\u00e9e 2021. #ECOS est un projet interdisciplinaire qui rend compte de l\u2019exp\u00e9rience de l\u2019exil en Europe en s\u2019appuyant notamment sur l\u2019histoire de &hellip; <\/p>\n<p class=\"link-more\"><a href=\"https:\/\/www.memoria-viva.fr\/mv2-archives\/?page_id=2374\" class=\"more-link\">Continuer la lecture<span class=\"screen-reader-text\"> de &laquo;&nbsp;#ECOS Exils, contrarier le silence : m\u00e9moires, objets et narrations de temps incertains.&nbsp;&raquo;<\/span><\/a><\/p>\n","protected":false},"author":6,"featured_media":0,"parent":0,"menu_order":0,"comment_status":"closed","ping_status":"closed","template":"","meta":[],"_links":{"self":[{"href":"https:\/\/www.memoria-viva.fr\/mv2-archives\/index.php?rest_route=\/wp\/v2\/pages\/2374"}],"collection":[{"href":"https:\/\/www.memoria-viva.fr\/mv2-archives\/index.php?rest_route=\/wp\/v2\/pages"}],"about":[{"href":"https:\/\/www.memoria-viva.fr\/mv2-archives\/index.php?rest_route=\/wp\/v2\/types\/page"}],"author":[{"embeddable":true,"href":"https:\/\/www.memoria-viva.fr\/mv2-archives\/index.php?rest_route=\/wp\/v2\/users\/6"}],"replies":[{"embeddable":true,"href":"https:\/\/www.memoria-viva.fr\/mv2-archives\/index.php?rest_route=%2Fwp%2Fv2%2Fcomments&post=2374"}],"version-history":[{"count":0,"href":"https:\/\/www.memoria-viva.fr\/mv2-archives\/index.php?rest_route=\/wp\/v2\/pages\/2374\/revisions"}],"wp:attachment":[{"href":"https:\/\/www.memoria-viva.fr\/mv2-archives\/index.php?rest_route=%2Fwp%2Fv2%2Fmedia&parent=2374"}],"curies":[{"name":"wp","href":"https:\/\/api.w.org\/{rel}","templated":true}]}}