{"id":262,"date":"2013-06-19T21:34:05","date_gmt":"2013-06-19T20:34:05","guid":{"rendered":"http:\/\/www.memoria-viva.fr\/wordpress\/?page_id=262"},"modified":"2013-12-23T21:48:49","modified_gmt":"2013-12-23T20:48:49","slug":"projections-de-films","status":"publish","type":"page","link":"https:\/\/www.memoria-viva.fr\/mv2-archives\/?page_id=262","title":{"rendered":"Projections de films"},"content":{"rendered":"<p><!--:--><!--:fr--><\/p>\n<p style=\"text-align: justify;\">Le groupe cin\u00e9ma de M\u00e9moire Vive\/Mem\u00f3ria Viva propose plusieurs projections par an dans des lieux g\u00e9n\u00e9ralement parisiens. L&rsquo;association a organis\u00e9 des projections avec d\u00e9bats dans des lieux aussi divers que l&rsquo;Atelier du Passage (Paris XX\u00e8me), la Commune d&rsquo;Aligre (Paris XII\u00e8me), l&rsquo;Espace Renaudie \u00e0 Pantin, le <a href=\"http:\/\/theatrepopulair.over-blog.com\/\" target=\"_blank\">th\u00e9\u00e2tre Popul&rsquo;air<\/a> (Paris XX\u00e8me)&#8230; Les d\u00e9bats sont, la plupart du temps, organis\u00e9s avec comme interlocuteurs les r\u00e9alisateurs, les t\u00e9moins voire des sp\u00e9cialistes des questions \u00e9voqu\u00e9es. Ces projections sont, par la suite, organis\u00e9es dans les associations, lieux alternatifs ou institutionnels qui nous manifestent la demande. Pour la programmation, veuillez vous reporter \u00e0 notre rubrique <a href=\"http:\/\/www.memoria-viva.fr\/wordpress\/?cat=5\" target=\"_blank\">actualit\u00e9<\/a>\u00a0ou \u00e0 notre page <a href=\"https:\/\/www.facebook.com\/pages\/Association-Memoria-Viva-M%C3%A9moire-Vive\/347994549674?fref=ts\" target=\"_blank\">facebook<\/a>.<\/p>\n<figure id=\"attachment_680\" aria-describedby=\"caption-attachment-680\" style=\"width: 576px\" class=\"wp-caption aligncenter\"><a href=\"http:\/\/www.memoria-viva.fr\/wp-content\/uploads\/2013\/06\/Fontenay-5.jpg\"><img loading=\"lazy\" class=\" wp-image-680 \" title=\"Le public attentif au d\u00e9bat lors de la projection du film Portugaises d'origine de Serge Gordey \u00e0 L'ARCPF de Fontenay \/S Bois\" alt=\"Le public attentif au d\u00e9bat lors de la projection du film Portugaises d'origine de Serge Gordey \u00e0 L'ARCPF de Fontenay \/S Bois\" src=\"http:\/\/www.memoria-viva.fr\/wp-content\/uploads\/2013\/06\/Fontenay-5.jpg\" width=\"576\" height=\"432\" srcset=\"https:\/\/www.memoria-viva.fr\/mv2-archives\/wp-content\/uploads\/2013\/06\/Fontenay-5.jpg 960w, https:\/\/www.memoria-viva.fr\/mv2-archives\/wp-content\/uploads\/2013\/06\/Fontenay-5-300x225.jpg 300w, https:\/\/www.memoria-viva.fr\/mv2-archives\/wp-content\/uploads\/2013\/06\/Fontenay-5-174x131.jpg 174w, https:\/\/www.memoria-viva.fr\/mv2-archives\/wp-content\/uploads\/2013\/06\/Fontenay-5-70x53.jpg 70w\" sizes=\"(max-width: 576px) 100vw, 576px\" \/><\/a><figcaption id=\"caption-attachment-680\" class=\"wp-caption-text\">Le public attentif au d\u00e9bat lors de la projection du film Portugaises d&rsquo;origine de Serge Gordey \u00e0 L&rsquo;ARCPF de Fontenay \/S Bois<\/figcaption><\/figure>\n<p><!--:--><!--:en--><\/p>\n<p style=\"text-align: justify;\">Le groupe cin\u00e9ma de M\u00e9moire Vive\/Mem\u00f3ria Viva propose plusieurs projections par an dans des lieux g\u00e9n\u00e9ralement parisiens. L&rsquo;association a organis\u00e9 des projections avec d\u00e9bats dans des lieux aussi divers que l&rsquo;Atelier du Passage (Paris XX\u00e8me), la Commune d&rsquo;Aligre (Paris XII\u00e8me), l&rsquo;Espace Renaudie \u00e0 Pantin, le <a href=\"http:\/\/theatrepopulair.over-blog.com\/\" target=\"_blank\">th\u00e9\u00e2tre Popul&rsquo;air<\/a> (Paris XX\u00e8me)&#8230; Les d\u00e9bats sont, la plupart du temps, organis\u00e9s avec comme interlocuteurs les r\u00e9alisateurs, les t\u00e9moins voire des sp\u00e9cialistes des questions \u00e9voqu\u00e9es. Ces projections sont, par la suite, organis\u00e9es dans les associations, lieux alternatifs ou institutionnels qui nous manifestent la demande. Pour la programmation, veuillez vous reporter \u00e0 notre rubrique <a href=\"http:\/\/www.memoria-viva.fr\/wordpress\/?cat=5\" target=\"_blank\">actualit\u00e9<\/a>\u00a0ou \u00e0 notre page <a href=\"https:\/\/www.facebook.com\/pages\/Association-Memoria-Viva-M%C3%A9moire-Vive\/347994549674?fref=ts\" target=\"_blank\">facebook<\/a>.<\/p>\n<p><a href=\"http:\/\/www.memoria-viva.fr\/wp-content\/uploads\/2013\/06\/Fontenay-5.jpg\"><img loading=\"lazy\" class=\"aligncenter\" title=\"Le public attentif au d\u00e9bat lors de la projection du film Portugaises d'origine de Serge Gordey \u00e0 L'ARCPF de Fontenay \/S Bois\" alt=\"Le public attentif au d\u00e9bat lors de la projection du film Portugaises d'origine de Serge Gordey \u00e0 L'ARCPF de Fontenay \/S Bois\" src=\"http:\/\/www.memoria-viva.fr\/wp-content\/uploads\/2013\/06\/Fontenay-5.jpg\" width=\"576\" height=\"432\" \/><\/a><\/p>\n<p><!--:--><!--:pt--><\/p>\n<p style=\"text-align: justify;\">Le groupe cin\u00e9ma de M\u00e9moire Vive\/Mem\u00f3ria Viva propose plusieurs projections par an dans des lieux g\u00e9n\u00e9ralement parisiens. L&rsquo;association a organis\u00e9 des projections avec d\u00e9bats dans des lieux aussi divers que l&rsquo;Atelier du Passage (Paris XX\u00e8me), la Commune d&rsquo;Aligre (Paris XII\u00e8me), l&rsquo;Espace Renaudie \u00e0 Pantin, le <a href=\"http:\/\/theatrepopulair.over-blog.com\/\" target=\"_blank\">th\u00e9\u00e2tre Popul&rsquo;air<\/a> (Paris XX\u00e8me)&#8230; Les d\u00e9bats sont, la plupart du temps, organis\u00e9s avec comme interlocuteurs les r\u00e9alisateurs, les t\u00e9moins voire des sp\u00e9cialistes des questions \u00e9voqu\u00e9es. Ces projections sont, par la suite, organis\u00e9es dans les associations, lieux alternatifs ou institutionnels qui nous manifestent la demande. Pour la programmation, veuillez vous reporter \u00e0 notre rubrique <a href=\"http:\/\/www.memoria-viva.fr\/wordpress\/?cat=5\" target=\"_blank\">actualit\u00e9<\/a>\u00a0ou \u00e0 notre page <a href=\"https:\/\/www.facebook.com\/pages\/Association-Memoria-Viva-M%C3%A9moire-Vive\/347994549674?fref=ts\" target=\"_blank\">facebook<\/a>.<\/p>\n<p><a href=\"http:\/\/www.memoria-viva.fr\/wp-content\/uploads\/2013\/06\/Fontenay-5.jpg\"><img loading=\"lazy\" class=\"aligncenter\" title=\"Le public attentif au d\u00e9bat lors de la projection du film Portugaises d'origine de Serge Gordey \u00e0 L'ARCPF de Fontenay \/S Bois\" alt=\"Le public attentif au d\u00e9bat lors de la projection du film Portugaises d'origine de Serge Gordey \u00e0 L'ARCPF de Fontenay \/S Bois\" src=\"http:\/\/www.memoria-viva.fr\/wp-content\/uploads\/2013\/06\/Fontenay-5.jpg\" width=\"576\" height=\"432\" \/><\/a><\/p>\n<p><!--:--><\/p>\n","protected":false},"excerpt":{"rendered":"<p>Le groupe cin\u00e9ma de M\u00e9moire Vive\/Mem\u00f3ria Viva propose plusieurs projections par an dans des lieux g\u00e9n\u00e9ralement parisiens. L&rsquo;association a organis\u00e9 des projections avec d\u00e9bats dans des lieux aussi divers que l&rsquo;Atelier du Passage (Paris XX\u00e8me), la Commune d&rsquo;Aligre (Paris XII\u00e8me), l&rsquo;Espace Renaudie \u00e0 Pantin, le th\u00e9\u00e2tre Popul&rsquo;air (Paris XX\u00e8me)&#8230; Les d\u00e9bats sont, la plupart du &hellip; <\/p>\n<p class=\"link-more\"><a href=\"https:\/\/www.memoria-viva.fr\/mv2-archives\/?page_id=262\" class=\"more-link\">Continuer la lecture<span class=\"screen-reader-text\"> de &laquo;&nbsp;Projections de films&nbsp;&raquo;<\/span><\/a><\/p>\n","protected":false},"author":2,"featured_media":0,"parent":0,"menu_order":0,"comment_status":"open","ping_status":"open","template":"","meta":[],"_links":{"self":[{"href":"https:\/\/www.memoria-viva.fr\/mv2-archives\/index.php?rest_route=\/wp\/v2\/pages\/262"}],"collection":[{"href":"https:\/\/www.memoria-viva.fr\/mv2-archives\/index.php?rest_route=\/wp\/v2\/pages"}],"about":[{"href":"https:\/\/www.memoria-viva.fr\/mv2-archives\/index.php?rest_route=\/wp\/v2\/types\/page"}],"author":[{"embeddable":true,"href":"https:\/\/www.memoria-viva.fr\/mv2-archives\/index.php?rest_route=\/wp\/v2\/users\/2"}],"replies":[{"embeddable":true,"href":"https:\/\/www.memoria-viva.fr\/mv2-archives\/index.php?rest_route=%2Fwp%2Fv2%2Fcomments&post=262"}],"version-history":[{"count":0,"href":"https:\/\/www.memoria-viva.fr\/mv2-archives\/index.php?rest_route=\/wp\/v2\/pages\/262\/revisions"}],"wp:attachment":[{"href":"https:\/\/www.memoria-viva.fr\/mv2-archives\/index.php?rest_route=%2Fwp%2Fv2%2Fmedia&parent=262"}],"curies":[{"name":"wp","href":"https:\/\/api.w.org\/{rel}","templated":true}]}}