{"id":274,"date":"2013-07-16T17:58:44","date_gmt":"2013-07-16T16:58:44","guid":{"rendered":"http:\/\/www.memoria-viva.fr\/wordpress\/?page_id=274"},"modified":"2014-01-29T15:39:39","modified_gmt":"2014-01-29T14:39:39","slug":"images-animees","status":"publish","type":"page","link":"https:\/\/www.memoria-viva.fr\/mv2-archives\/?page_id=274","title":{"rendered":"Images Anim\u00e9es"},"content":{"rendered":"<p><!--:fr--><\/p>\n<p style=\"text-align: justify;\">Cette cat\u00e9gorie de la m\u00e9ditah\u00e8que pr\u00e9tend compiler et mettre \u00e0 disposition les images anim\u00e9es, dites d&rsquo;archives, des diff\u00e9rents fonds d&rsquo;archives existant \u00e0 commencer par celui de l&rsquo;INA. A la diff\u00e9rence des films r\u00e9pertori\u00e9s dans la partie cin\u00e9math\u00e8ques, les images que nous pr\u00e9sentons ici sont soit des images d&rsquo;actualit\u00e9, soit des images amateurs voire des rushs de films. L&rsquo;association ne fait que relayer des mises \u00e0 dispositions entreprises par les fonds eux-m\u00eames.<\/p>\n<p style=\"text-align: justify;\"><a href=\"http:\/\/www.memoria-viva.fr\/category\/images-animees\/\" target=\"_blank\"><strong>Pour la liste des Images Anim\u00e9es cliquer ici<\/strong><\/a><\/p>\n<p><!--:--><\/p>\n","protected":false},"excerpt":{"rendered":"<p>Cette cat\u00e9gorie de la m\u00e9ditah\u00e8que pr\u00e9tend compiler et mettre \u00e0 disposition les images anim\u00e9es, dites d&rsquo;archives, des diff\u00e9rents fonds d&rsquo;archives existant \u00e0 commencer par celui de l&rsquo;INA. A la diff\u00e9rence des films r\u00e9pertori\u00e9s dans la partie cin\u00e9math\u00e8ques, les images que nous pr\u00e9sentons ici sont soit des images d&rsquo;actualit\u00e9, soit des images amateurs voire des rushs &hellip; <\/p>\n<p class=\"link-more\"><a href=\"https:\/\/www.memoria-viva.fr\/mv2-archives\/?page_id=274\" class=\"more-link\">Continuer la lecture<span class=\"screen-reader-text\"> de &laquo;&nbsp;Images Anim\u00e9es&nbsp;&raquo;<\/span><\/a><\/p>\n","protected":false},"author":2,"featured_media":0,"parent":0,"menu_order":0,"comment_status":"open","ping_status":"open","template":"","meta":[],"_links":{"self":[{"href":"https:\/\/www.memoria-viva.fr\/mv2-archives\/index.php?rest_route=\/wp\/v2\/pages\/274"}],"collection":[{"href":"https:\/\/www.memoria-viva.fr\/mv2-archives\/index.php?rest_route=\/wp\/v2\/pages"}],"about":[{"href":"https:\/\/www.memoria-viva.fr\/mv2-archives\/index.php?rest_route=\/wp\/v2\/types\/page"}],"author":[{"embeddable":true,"href":"https:\/\/www.memoria-viva.fr\/mv2-archives\/index.php?rest_route=\/wp\/v2\/users\/2"}],"replies":[{"embeddable":true,"href":"https:\/\/www.memoria-viva.fr\/mv2-archives\/index.php?rest_route=%2Fwp%2Fv2%2Fcomments&post=274"}],"version-history":[{"count":0,"href":"https:\/\/www.memoria-viva.fr\/mv2-archives\/index.php?rest_route=\/wp\/v2\/pages\/274\/revisions"}],"wp:attachment":[{"href":"https:\/\/www.memoria-viva.fr\/mv2-archives\/index.php?rest_route=%2Fwp%2Fv2%2Fmedia&parent=274"}],"curies":[{"name":"wp","href":"https:\/\/api.w.org\/{rel}","templated":true}]}}