{"id":306,"date":"2013-10-04T09:31:46","date_gmt":"2013-10-04T08:31:46","guid":{"rendered":"http:\/\/www.memoria-viva.fr\/wordpress\/?page_id=306"},"modified":"2016-02-26T16:00:02","modified_gmt":"2016-02-26T15:00:02","slug":"membres-et-partenaires","status":"publish","type":"page","link":"https:\/\/www.memoria-viva.fr\/mv2-archives\/?page_id=306","title":{"rendered":"<!--:fr-->Membres et partenaires<!--:--><!--:pt-->Socios e parceiros<!--:-->"},"content":{"rendered":"<p><!--:fr--><\/p>\n<h3 style=\"text-align: justify;\"><b>Le bureau 2016-2018<\/b><\/h3>\n<p style=\"text-align: justify;\">Ilda Nunes <b>Pr\u00e9sident<\/b><\/p>\n<p style=\"text-align: justify;\">Vasco Martins\u00a0<b>Pr\u00e9sident adjoint<\/b><\/p>\n<p style=\"text-align: justify;\">Jos\u00e9 Ant\u00f3nio Marques <b>Pr\u00e9sident adjoint<\/b><\/p>\n<p style=\"text-align: justify;\">Antonio Oneto <b>Secr\u00e9taire<\/b><\/p>\n<p style=\"text-align: justify;\">Silvia Meliciano <b>Tr\u00e9sori\u00e8re<\/b><\/p>\n<h3 style=\"text-align: justify;\"><b>Les membres fondateurs<\/b><\/h3>\n<p style=\"text-align: justify;\">Jos\u00e9 Vieira, C\u00e2ndida Rodrigues, Marie-Claude Mu\u00f1oz, Ir\u00e8ne Strijdhorst Dos Santos, Nelson Rodrigues, Manuel Madeira, ilda Mendes Dos Santos, Nathalie Meyroune, Sebasti\u00e3o Carvalho, Gl\u00f3ria Da Silva, Brigitte Boitel-Bonfils, Isabel Lopes Cardoso.<\/p>\n<h3 style=\"text-align: justify;\"><b>Quelques membres actifs<\/b><\/h3>\n<p style=\"text-align: justify;\">Hugo Dos Santos, Ilda Nunes, Jos\u00e9 Ant\u00f3nio Marques, Paola Afonso, Vasco Martins, Juliette De Sousa Matos, Jos\u00e9 Vieira, C\u00e2ndida Rodrigues, Anne-Marie Esteves, Marie-Claude Mu\u00f1oz, Albano Cordeiro, In\u00eas Esp\u00edrito Santo, Ant\u00f3nio Oneto, Isabel Lopes Cardoso, Marie-Christine Volovitch Tavares, ilda Mendes Dos Santos, Octavio Esp\u00edrito Santo, Jos\u00e9 Pinto, Silvia Meliciano. <b><\/b><\/p>\n<p style=\"text-align: justify;\"><b>\u00a0<\/b><i>Pour savoir comment adh\u00e9rer \u00e0 l&rsquo;association et nous soutenir, <a href=\"http:\/\/www.memoria-viva.fr\/wordpress\/?page_id=6\">cliquez ici<\/a><\/i><\/p>\n<p style=\"text-align: justify;\"><b>\u00a0<\/b><\/p>\n<p><!--:--><!--:pt--><\/p>\n<h3 style=\"text-align: justify;\"><b>Le bureau 2016-2018<\/b><\/h3>\n<p style=\"text-align: justify;\">Ilda\u00a0Nunes\u00a0<b>Pr\u00e9sident<\/b><\/p>\n<p style=\"text-align: justify;\">Vasco Martins <b>Pr\u00e9sident adjoint<\/b><\/p>\n<p style=\"text-align: justify;\">Jos\u00e9 Ant\u00f3nio Marques\u00a0<b>Pr\u00e9sident adjoint<\/b><\/p>\n<p style=\"text-align: justify;\">Antonio Oneto <b>Secr\u00e9taire<\/b><\/p>\n<p style=\"text-align: justify;\">Silvia Meliciano <b>Tr\u00e9sori\u00e8re<\/b><\/p>\n<h3 style=\"text-align: justify;\"><b>Les membres fondateurs<\/b><\/h3>\n<p style=\"text-align: justify;\">Jos\u00e9 Vieira, C\u00e2ndida Rodrigues, Marie-Claude Mu\u00f1oz, Ir\u00e8ne Strijdhorst Dos Santos, Nelson Rodrigues, Manuel Madeira, ilda Mendes Dos Santos, Nathalie Meyroune, Sebasti\u00e3o Carvalho, Gl\u00f3ria Da Silva, Brigitte Boitel-Bonfils, Isabel Lopes Cardoso.<\/p>\n<h3 style=\"text-align: justify;\"><b>Quelques membres actifs<\/b><\/h3>\n<p style=\"text-align: justify;\">Hugo Dos Santos, Ilda Nunes, Jos\u00e9 Ant\u00f3nio Marques, Paola Afonso, Vasco Martins, Juliette De Sousa Matos, Jos\u00e9 Vieira, C\u00e2ndida Rodrigues, Anne-Marie Esteves, Marie-Claude Mu\u00f1oz, Albano Cordeiro, In\u00eas Esp\u00edrito Santo, Ant\u00f3nio Oneto, Isabel Lopes Cardoso, Marie-Christine Volovitch Tavares, ilda Mendes Dos Santos, Octavio Esp\u00edrito Santo, Jos\u00e9 Pinto, Silvia Meliciano, Pedro Fidalgo.<b><\/b><\/p>\n<p style=\"text-align: justify;\"><b>\u00a0<\/b><i>Pour savoir comment adh\u00e9rer \u00e0 l&rsquo;association et nous soutenir,\u00a0<a href=\"http:\/\/www.memoria-viva.fr\/wordpress\/?page_id=6\">cliquez ici<\/a><\/i><\/p>\n<p style=\"text-align: justify;\"><b>\u00a0<\/b><\/p>\n<div style=\"text-align: justify;\"><\/div>\n<p style=\"text-align: justify;\"><b>\u00a0<\/b><\/p>\n<p><!--:--><\/p>\n","protected":false},"excerpt":{"rendered":"<p>Le bureau 2016-2018 Ilda Nunes Pr\u00e9sident Vasco Martins\u00a0Pr\u00e9sident adjoint Jos\u00e9 Ant\u00f3nio Marques Pr\u00e9sident adjoint Antonio Oneto Secr\u00e9taire Silvia Meliciano Tr\u00e9sori\u00e8re Les membres fondateurs Jos\u00e9 Vieira, C\u00e2ndida Rodrigues, Marie-Claude Mu\u00f1oz, Ir\u00e8ne Strijdhorst Dos Santos, Nelson Rodrigues, Manuel Madeira, ilda Mendes Dos Santos, Nathalie Meyroune, Sebasti\u00e3o Carvalho, Gl\u00f3ria Da Silva, Brigitte Boitel-Bonfils, Isabel Lopes Cardoso. Quelques membres &hellip; <\/p>\n<p class=\"link-more\"><a href=\"https:\/\/www.memoria-viva.fr\/mv2-archives\/?page_id=306\" class=\"more-link\">Continuer la lecture<span class=\"screen-reader-text\"> de &laquo;&nbsp;<!--:fr-->Membres et partenaires<!--:--><!--:pt-->Socios e parceiros<!--:-->&nbsp;&raquo;<\/span><\/a><\/p>\n","protected":false},"author":6,"featured_media":0,"parent":0,"menu_order":0,"comment_status":"open","ping_status":"open","template":"","meta":[],"_links":{"self":[{"href":"https:\/\/www.memoria-viva.fr\/mv2-archives\/index.php?rest_route=\/wp\/v2\/pages\/306"}],"collection":[{"href":"https:\/\/www.memoria-viva.fr\/mv2-archives\/index.php?rest_route=\/wp\/v2\/pages"}],"about":[{"href":"https:\/\/www.memoria-viva.fr\/mv2-archives\/index.php?rest_route=\/wp\/v2\/types\/page"}],"author":[{"embeddable":true,"href":"https:\/\/www.memoria-viva.fr\/mv2-archives\/index.php?rest_route=\/wp\/v2\/users\/6"}],"replies":[{"embeddable":true,"href":"https:\/\/www.memoria-viva.fr\/mv2-archives\/index.php?rest_route=%2Fwp%2Fv2%2Fcomments&post=306"}],"version-history":[{"count":0,"href":"https:\/\/www.memoria-viva.fr\/mv2-archives\/index.php?rest_route=\/wp\/v2\/pages\/306\/revisions"}],"wp:attachment":[{"href":"https:\/\/www.memoria-viva.fr\/mv2-archives\/index.php?rest_route=%2Fwp%2Fv2%2Fmedia&parent=306"}],"curies":[{"name":"wp","href":"https:\/\/api.w.org\/{rel}","templated":true}]}}