{"id":322,"date":"2013-10-04T10:58:51","date_gmt":"2013-10-04T09:58:51","guid":{"rendered":"http:\/\/www.memoria-viva.fr\/wordpress\/?page_id=322"},"modified":"2021-10-03T16:55:13","modified_gmt":"2021-10-03T15:55:13","slug":"contactez-nous","status":"publish","type":"page","link":"https:\/\/www.memoria-viva.fr\/mv2-archives\/?page_id=322","title":{"rendered":"Contactez nous"},"content":{"rendered":"<p><!--:fr-->Pour contacter l&rsquo;association :<\/p>\n<div role=\"form\" class=\"wpcf7\" id=\"wpcf7-f300-o1\" lang=\"fr-FR\" dir=\"ltr\">\n<div class=\"screen-reader-response\"><p role=\"status\" aria-live=\"polite\" aria-atomic=\"true\"><\/p> <ul><\/ul><\/div>\n<form action=\"\/mv2-archives\/index.php?rest_route=%2Fwp%2Fv2%2Fpages%2F322#wpcf7-f300-o1\" method=\"post\" class=\"wpcf7-form init\" novalidate=\"novalidate\" data-status=\"init\">\n<div style=\"display: none;\">\n<input type=\"hidden\" name=\"_wpcf7\" value=\"300\" \/>\n<input type=\"hidden\" name=\"_wpcf7_version\" value=\"5.5.1\" \/>\n<input type=\"hidden\" name=\"_wpcf7_locale\" value=\"fr_FR\" \/>\n<input type=\"hidden\" name=\"_wpcf7_unit_tag\" value=\"wpcf7-f300-o1\" \/>\n<input type=\"hidden\" name=\"_wpcf7_container_post\" value=\"0\" \/>\n<input type=\"hidden\" name=\"_wpcf7_posted_data_hash\" value=\"\" \/>\n<\/div>\n<p>Votre nom (obligatoire)<br \/>\n    <span class=\"wpcf7-form-control-wrap your-name\"><input type=\"text\" name=\"your-name\" value=\"\" size=\"40\" class=\"wpcf7-form-control wpcf7-text wpcf7-validates-as-required\" aria-required=\"true\" aria-invalid=\"false\" \/><\/span> <\/p>\n<p>Votre email (obligatoire)<br \/>\n    <span class=\"wpcf7-form-control-wrap your-email\"><input type=\"email\" name=\"your-email\" value=\"\" size=\"40\" class=\"wpcf7-form-control wpcf7-text wpcf7-email wpcf7-validates-as-required wpcf7-validates-as-email\" aria-required=\"true\" aria-invalid=\"false\" \/><\/span> <\/p>\n<p>Sujet<br \/>\n    <span class=\"wpcf7-form-control-wrap your-subject\"><input type=\"text\" name=\"your-subject\" value=\"\" size=\"40\" class=\"wpcf7-form-control wpcf7-text\" aria-invalid=\"false\" \/><\/span> <\/p>\n<p>Votre message<br \/>\n    <span class=\"wpcf7-form-control-wrap your-message\"><textarea name=\"your-message\" cols=\"40\" rows=\"10\" class=\"wpcf7-form-control wpcf7-textarea\" aria-invalid=\"false\"><\/textarea><\/span> <\/p>\n<p><input type=\"submit\" value=\"Envoyer\" class=\"wpcf7-form-control has-spinner wpcf7-submit\" \/><\/p>\n<p style=\"display: none !important;\"><label>&#916;<textarea name=\"_wpcf7_ak_hp_textarea\" cols=\"45\" rows=\"8\" maxlength=\"100\"><\/textarea><\/label><input type=\"hidden\" id=\"ak_js\" name=\"_wpcf7_ak_js\" value=\"37\"\/><script>document.getElementById( \"ak_js\" ).setAttribute( \"value\", ( new Date() ).getTime() );<\/script><\/p><div class=\"wpcf7-response-output\" aria-hidden=\"true\"><\/div><\/form><\/div>\n<p><strong>Pour contacter une personne en particulier :<\/strong><\/p>\n<p>Pr\u00e9sident :\u00a0Ilda Nunes\/ president@(ajouter memoria-viva.fr pour compl\u00e9ter l&rsquo;adresse)<br \/>\nSecr\u00e9taire : Antonio Oneto\u00a0\/ secretaire@(ajouter memoria-viva.fr pour compl\u00e9ter l&rsquo;adresse)<br \/>\nTr\u00e9sori\u00e8re Silvia Meliciano \/ treso@(ajouter memoria-viva.fr pour compl\u00e9ter l&rsquo;adresse)<br \/>\n<span style=\"line-height: 1.5em;\">Webmaster : Anne-Marie Esteves \/ contact<\/span><span style=\"line-height: 1.5em;\">@(ajouter memoria-viva.fr pour compl\u00e9ter l&rsquo;adresse)<\/span><\/p>\n<p><span style=\"line-height: 1.5em;\"><strong style=\"line-height: 1.5em;\">Notre adresse postale :<\/strong><\/span><\/p>\n<div id=\"yiv3379057024ydp2eb3dd1eyiv0375280049yui_3_16_0_ym19_1_1542802869010_231325\" dir=\"ltr\"><span id=\"yiv3379057024ydp2eb3dd1eyiv0375280049yui_3_16_0_ym19_1_1542802869010_231327\"><b id=\"yiv3379057024ydp2eb3dd1eyiv0375280049yui_3_16_0_ym19_1_1542802869010_231328\"><span id=\"yiv3379057024ydp2eb3dd1eyiv0375280049yui_3_16_0_ym19_1_1542802869010_231329\"><span id=\"yiv3379057024ydp2eb3dd1eyiv0375280049yui_3_16_0_ym19_1_1542802869010_231330\">Association Memoire Vive<\/span><\/span><\/b><\/span><\/div>\n<div id=\"yiv3379057024ydp2eb3dd1eyiv0375280049yui_3_16_0_ym19_1_1542802869010_231331\" dir=\"ltr\"><span id=\"yiv3379057024ydp2eb3dd1eyiv0375280049yui_3_16_0_ym19_1_1542802869010_231333\"><b id=\"yiv3379057024ydp2eb3dd1eyiv0375280049yui_3_16_0_ym19_1_1542802869010_231334\"><span id=\"yiv3379057024ydp2eb3dd1eyiv0375280049yui_3_16_0_ym19_1_1542802869010_231335\"><span id=\"yiv3379057024ydp2eb3dd1eyiv0375280049yui_3_16_0_ym19_1_1542802869010_231336\"><\/span><\/span><\/b><\/span><b id=\"yiv3379057024ydp2eb3dd1eyiv0375280049yui_3_16_0_ym19_1_1542802869010_231459\">Maison de la Vie Associative et de Citoyenne<\/b><\/div>\n<div id=\"yiv3379057024ydp2eb3dd1eyiv0375280049yui_3_16_0_ym19_1_1542802869010_231339\" dir=\"ltr\" align=\"left\"><b id=\"yiv3379057024ydp2eb3dd1eyiv0375280049yui_3_16_0_ym19_1_1542802869010_231461\">18-20, Rue Ramus<br \/>\n<\/b><b id=\"yiv3379057024ydp2eb3dd1eyiv0375280049yui_3_16_0_ym19_1_1542802869010_231461\">75020 PARIS<\/b><\/div>\n<p>&nbsp;<\/p>\n","protected":false},"excerpt":{"rendered":"<p>Pour contacter l&rsquo;association : Pour contacter une personne en particulier : Pr\u00e9sident :\u00a0Ilda Nunes\/ president@(ajouter memoria-viva.fr pour compl\u00e9ter l&rsquo;adresse) Secr\u00e9taire : Antonio Oneto\u00a0\/ secretaire@(ajouter memoria-viva.fr pour compl\u00e9ter l&rsquo;adresse) Tr\u00e9sori\u00e8re Silvia Meliciano \/ treso@(ajouter memoria-viva.fr pour compl\u00e9ter l&rsquo;adresse) Webmaster : Anne-Marie Esteves \/ contact@(ajouter memoria-viva.fr pour compl\u00e9ter l&rsquo;adresse) Notre adresse postale : Association Memoire Vive Maison &hellip; <\/p>\n<p class=\"link-more\"><a href=\"https:\/\/www.memoria-viva.fr\/mv2-archives\/?page_id=322\" class=\"more-link\">Continuer la lecture<span class=\"screen-reader-text\"> de &laquo;&nbsp;Contactez nous&nbsp;&raquo;<\/span><\/a><\/p>\n","protected":false},"author":6,"featured_media":0,"parent":0,"menu_order":0,"comment_status":"open","ping_status":"open","template":"","meta":[],"_links":{"self":[{"href":"https:\/\/www.memoria-viva.fr\/mv2-archives\/index.php?rest_route=\/wp\/v2\/pages\/322"}],"collection":[{"href":"https:\/\/www.memoria-viva.fr\/mv2-archives\/index.php?rest_route=\/wp\/v2\/pages"}],"about":[{"href":"https:\/\/www.memoria-viva.fr\/mv2-archives\/index.php?rest_route=\/wp\/v2\/types\/page"}],"author":[{"embeddable":true,"href":"https:\/\/www.memoria-viva.fr\/mv2-archives\/index.php?rest_route=\/wp\/v2\/users\/6"}],"replies":[{"embeddable":true,"href":"https:\/\/www.memoria-viva.fr\/mv2-archives\/index.php?rest_route=%2Fwp%2Fv2%2Fcomments&post=322"}],"version-history":[{"count":0,"href":"https:\/\/www.memoria-viva.fr\/mv2-archives\/index.php?rest_route=\/wp\/v2\/pages\/322\/revisions"}],"wp:attachment":[{"href":"https:\/\/www.memoria-viva.fr\/mv2-archives\/index.php?rest_route=%2Fwp%2Fv2%2Fmedia&parent=322"}],"curies":[{"name":"wp","href":"https:\/\/api.w.org\/{rel}","templated":true}]}}