{"id":328,"date":"2013-10-04T11:52:37","date_gmt":"2013-10-04T10:52:37","guid":{"rendered":"http:\/\/www.memoria-viva.fr\/wordpress\/?page_id=328"},"modified":"2013-12-11T01:48:10","modified_gmt":"2013-12-11T00:48:10","slug":"vos-temoignages","status":"publish","type":"page","link":"https:\/\/www.memoria-viva.fr\/mv2-archives\/?page_id=328","title":{"rendered":"<!--:fr-->Vos t\u00e9moignages<!--:--><!--:pt-->Testemunhar<!--:-->"},"content":{"rendered":"<p><!--:fr-->Objectif :<\/p>\n<ul>\n<li>Recueillir la parole et la m\u00e9moire<\/li>\n<li>Recueillir des documents amateurs (affiches, photos, lettres, etc.)<\/li>\n<\/ul>\n<p>\u00e9changer<\/p>\n<p><strong>Formulaire de contact<\/strong><!--:--><!--:pt-->Objectif :<\/p>\n<ul>\n<li>Recueillir la parole et la m\u00e9moire<\/li>\n<li>Recueillir des documents amateurs (affiches, photos, lettres, etc.)<\/li>\n<\/ul>\n<p>\u00e9changer<\/p>\n<p><strong>Formulaire de contact<\/strong><!--:--><\/p>\n","protected":false},"excerpt":{"rendered":"<p>Objectif : Recueillir la parole et la m\u00e9moire Recueillir des documents amateurs (affiches, photos, lettres, etc.) \u00e9changer Formulaire de contactObjectif : Recueillir la parole et la m\u00e9moire Recueillir des documents amateurs (affiches, photos, lettres, etc.) \u00e9changer Formulaire de contact<\/p>\n","protected":false},"author":6,"featured_media":0,"parent":0,"menu_order":0,"comment_status":"open","ping_status":"open","template":"","meta":[],"_links":{"self":[{"href":"https:\/\/www.memoria-viva.fr\/mv2-archives\/index.php?rest_route=\/wp\/v2\/pages\/328"}],"collection":[{"href":"https:\/\/www.memoria-viva.fr\/mv2-archives\/index.php?rest_route=\/wp\/v2\/pages"}],"about":[{"href":"https:\/\/www.memoria-viva.fr\/mv2-archives\/index.php?rest_route=\/wp\/v2\/types\/page"}],"author":[{"embeddable":true,"href":"https:\/\/www.memoria-viva.fr\/mv2-archives\/index.php?rest_route=\/wp\/v2\/users\/6"}],"replies":[{"embeddable":true,"href":"https:\/\/www.memoria-viva.fr\/mv2-archives\/index.php?rest_route=%2Fwp%2Fv2%2Fcomments&post=328"}],"version-history":[{"count":0,"href":"https:\/\/www.memoria-viva.fr\/mv2-archives\/index.php?rest_route=\/wp\/v2\/pages\/328\/revisions"}],"wp:attachment":[{"href":"https:\/\/www.memoria-viva.fr\/mv2-archives\/index.php?rest_route=%2Fwp%2Fv2%2Fmedia&parent=328"}],"curies":[{"name":"wp","href":"https:\/\/api.w.org\/{rel}","templated":true}]}}