{"id":331,"date":"2013-10-04T11:55:02","date_gmt":"2013-10-04T10:55:02","guid":{"rendered":"http:\/\/www.memoria-viva.fr\/wordpress\/?page_id=331"},"modified":"2013-12-23T22:14:31","modified_gmt":"2013-12-23T21:14:31","slug":"presentation","status":"publish","type":"page","link":"https:\/\/www.memoria-viva.fr\/mv2-archives\/?page_id=331","title":{"rendered":"Pr\u00e9sentation"},"content":{"rendered":"<p><!--:fr--><\/p>\n<p style=\"text-align: justify;\"><a href=\"http:\/\/www.memoria-viva.fr\/wordpress\/?cat=17\" target=\"_blank\"><strong>Biblioth\u00e8que<\/strong><\/a><br \/>\nEntre Histoire et m\u00e9moire : La biblioth\u00e8que th\u00e9matique participe \u00e0 la transformation de notre m\u00e9moire en r\u00e9cit historique et propose un regard subjectif (assum\u00e9 comme tel) sur une histoire qui nous touche.<br \/>\nNous vous invitons \u00e0 plonger dans l\u2019histoire de l\u2019\u00e9migration\/immigration par une s\u00e9lection d\u2019ouvrages et de titres que nous consid\u00e9rons importants, int\u00e9ressants ou bien pour lesquels nous avons eu un coup de coeur.<br \/>\nNous voulons, par ailleurs, multiplier les \u00e9clairage et \u00e9largir la r\u00e9flexion ; c\u2019est pourquoi vous y trouverez des ouvrages relatifs \u00e0 d\u2019autres migrations, pass\u00e9es ou actuelles.<br \/>\nCette biblioth\u00e8que est aussi la votre ! Soyez acteurs de sa construction, enrichissez-la par vos lectures et vos commentaires.<\/p>\n<p style=\"text-align: justify;\"><strong><a href=\"http:\/\/www.memoria-viva.fr\/wordpress\/?cat=19\" target=\"_blank\">Cin\u00e9math\u00e8que<\/a>\u00a0<\/strong><\/p>\n<p style=\"text-align: justify;\">Dans la cin\u00e9math\u00e8que, vous pouvez consulter le r\u00e9pertoire des films sur le ph\u00e9nom\u00e8ne social et politique que repr\u00e9sente l&rsquo;immigration portugaise.\u00a0Suivants les mat\u00e9rieux retrouv\u00e9s dont nous disposons, vous pouvez, en plus, acc\u00e9der \u00e0 diff\u00e9rents documents : revue de presse, photos, affiches, commentaires du r\u00e9alisateurs, images\/s\u00e9quences de films.<\/p>\n<p>\u00a0<\/p>\n<p style=\"text-align: justify;\"><a href=\"http:\/\/www.memoria-viva.fr\/wordpress\/?cat=18\" target=\"_blank\"><strong>Discoth\u00e8que<\/strong><\/a><br \/>\nPartant du constat que la musique parle \u00e0 tous, et qu\u2019elle d\u00e9passe les fronti\u00e8res, ce site souhaite illustrer les interactions nombreuses, diverses et vivaces entre la musique, ou plut\u00f4t les musiques, et l\u2019immigration portugaise. En effet, elles ont jou\u00e9 un grand r\u00f4le parmi les Portugais de France, lesquels, en retournant au Portugal, ont \u00e0 leur tour influenc\u00e9 les pratiques musicales de leur pays d\u2019origine. D\u00e8s les d\u00e9buts de l\u2019immigration, les musiques traditionnelles portugaises, fortement li\u00e9es aux r\u00e9gions d\u2019origine des immigr\u00e9s, accompagnent les moments difficiles du voyage, qui signifie souvent un d\u00e9racinement, et restent le lieu d\u2019une m\u00e9moire intime et ind\u00e9l\u00e9bile. Dans certains villages, des chants racontent \u00e0 ceux qui sont rest\u00e9s, et qui peut-\u00eatre \u00e9migreront, la vie \u00ab d\u2019en France \u00bb et vont jusqu\u2019\u00e0 rendre familiers les noms de certaines localit\u00e9s de la r\u00e9gion parisienne.<br \/>\nEn France, la musique est partie prenante des moments de sociabilit\u00e9 indispensables de l\u2019immigration, o\u00f9 elle rime avec entraide, rencontre et parfois politisation et syndicalisation. Surtout lorsque les chanteurs \u00ab d\u2019intervention \u00bb des ann\u00e9es 60 et 70 viennent chanter dans les f\u00eates portugaises, les bidonvilles et les usines, pour sensibiliser \u00e0 la violence de la dictature, aux atrocit\u00e9s des guerres coloniales et au musellement de la libert\u00e9 d\u2019expression. C\u2019est \u00e0 Paris que sont n\u00e9es certaines musiques embl\u00e9matiques comme Gr\u00e2ndola Vila Morena ou encore Avante !<br \/>\nRythm\u00e9e par le va-et-vient des immigr\u00e9s entre les deux pays, la musique se m\u00e9tisse et s\u2019enrichit au gr\u00e9 des influences et des modes. C\u2019est d\u2019une mani\u00e8re tr\u00e8s vivante \u2013 loin d\u2019une simple perp\u00e9tuation ou transmission neutre \u2013 que ces musiques populaires, vocales ou instrumentales, accompagn\u00e9es de danse ou non, se sont pratiqu\u00e9es, refl\u00e9tant leur contexte de production, cristallisant les besoins collectifs et les sensibilit\u00e9s individuelles, g\u00e9n\u00e9rant toute une \u00e9conomie.<br \/>\nAvec le boom associatif des ann\u00e9es 80, les associations de folklore portugais se multiplient en France, constituant aujourd\u2019hui encore parmi les plus jeunes un lieu-clef pour la pratique de la langue portugaise. Des groupes de rock et de rap se forment dans la 2\u00e8me g\u00e9n\u00e9ration qui, les week-ends, fr\u00e9quente parfois les discoth\u00e8ques portugaises, tandis que les chanteurs de fado se r\u00e9unissent dans la p\u00e9nombre des restaurants de la r\u00e9gion parisienne, faisant des \u00e9mules parmi les auditeurs fran\u00e7ais\u2026<\/p>\n<p style=\"text-align: justify;\"><a href=\"http:\/\/www.memoria-viva.fr\/wordpress\/?cat=20\" target=\"_blank\"><strong>Photot\u00e8que\u00a0<\/strong><\/a><\/p>\n<p style=\"text-align: justify;\"><a href=\"http:\/\/www.memoria-viva.fr\/wordpress\/?page_id=274\" target=\"_blank\"><strong>Images Anim\u00e9s<\/strong><\/a><\/p>\n<p><!--:--><!--:en--><\/p>\n<p style=\"text-align: justify;\"><a href=\"http:\/\/www.memoria-viva.fr\/wordpress\/?cat=17\" target=\"_blank\"><strong>Biblioth\u00e8que<\/strong><\/a><br \/>\nEntre Histoire et m\u00e9moire : La biblioth\u00e8que th\u00e9matique participe \u00e0 la transformation de notre m\u00e9moire en r\u00e9cit historique et propose un regard subjectif (assum\u00e9 comme tel) sur une histoire qui nous touche.<br \/>\nNous vous invitons \u00e0 plonger dans l\u2019histoire de l\u2019\u00e9migration\/immigration par une s\u00e9lection d\u2019ouvrages et de titres que nous consid\u00e9rons importants, int\u00e9ressants ou bien pour lesquels nous avons eu un coup de coeur.<br \/>\nNous voulons, par ailleurs, multiplier les \u00e9clairage et \u00e9largir la r\u00e9flexion ; c\u2019est pourquoi vous y trouverez des ouvrages relatifs \u00e0 d\u2019autres migrations, pass\u00e9es ou actuelles.<br \/>\nCette biblioth\u00e8que est aussi la votre ! Soyez acteurs de sa construction, enrichissez-la par vos lectures et vos commentaires.<\/p>\n<p style=\"text-align: justify;\"><strong><a href=\"http:\/\/www.memoria-viva.fr\/wordpress\/?cat=19\" target=\"_blank\">Cin\u00e9math\u00e8que<\/a>\u00a0<\/strong><\/p>\n<p style=\"text-align: justify;\"><strong><\/strong>Dans la cin\u00e9math\u00e8que, vous pouvez consulter le r\u00e9pertoire des films sur le ph\u00e9nom\u00e8ne social et politique que repr\u00e9sente l&rsquo;immigration portugaise.\u00a0Suivants les mat\u00e9rieux retrouv\u00e9s dont nous disposons, vous pouvez, en plus, acc\u00e9der \u00e0 diff\u00e9rents documents : revue de presse, photos, affiches, commentaires du r\u00e9alisateurs, images\/s\u00e9quences de films.<\/p>\n<p style=\"text-align: justify;\"><a href=\"http:\/\/www.memoria-viva.fr\/wordpress\/?cat=18\" target=\"_blank\"><strong>Discoth\u00e8que<\/strong><\/a><br \/>\nPartant du constat que la musique parle \u00e0 tous, et qu\u2019elle d\u00e9passe les fronti\u00e8res, ce site souhaite illustrer les interactions nombreuses, diverses et vivaces entre la musique, ou plut\u00f4t les musiques, et l\u2019immigration portugaise. En effet, elles ont jou\u00e9 un grand r\u00f4le parmi les Portugais de France, lesquels, en retournant au Portugal, ont \u00e0 leur tour influenc\u00e9 les pratiques musicales de leur pays d\u2019origine. D\u00e8s les d\u00e9buts de l\u2019immigration, les musiques traditionnelles portugaises, fortement li\u00e9es aux r\u00e9gions d\u2019origine des immigr\u00e9s, accompagnent les moments difficiles du voyage, qui signifie souvent un d\u00e9racinement, et restent le lieu d\u2019une m\u00e9moire intime et ind\u00e9l\u00e9bile. Dans certains villages, des chants racontent \u00e0 ceux qui sont rest\u00e9s, et qui peut-\u00eatre \u00e9migreront, la vie \u00ab d\u2019en France \u00bb et vont jusqu\u2019\u00e0 rendre familiers les noms de certaines localit\u00e9s de la r\u00e9gion parisienne.<br \/>\nEn France, la musique est partie prenante des moments de sociabilit\u00e9 indispensables de l\u2019immigration, o\u00f9 elle rime avec entraide, rencontre et parfois politisation et syndicalisation. Surtout lorsque les chanteurs \u00ab d\u2019intervention \u00bb des ann\u00e9es 60 et 70 viennent chanter dans les f\u00eates portugaises, les bidonvilles et les usines, pour sensibiliser \u00e0 la violence de la dictature, aux atrocit\u00e9s des guerres coloniales et au musellement de la libert\u00e9 d\u2019expression. C\u2019est \u00e0 Paris que sont n\u00e9es certaines musiques embl\u00e9matiques comme Gr\u00e2ndola Vila Morena ou encore Avante !<br \/>\nRythm\u00e9e par le va-et-vient des immigr\u00e9s entre les deux pays, la musique se m\u00e9tisse et s\u2019enrichit au gr\u00e9 des influences et des modes. C\u2019est d\u2019une mani\u00e8re tr\u00e8s vivante \u2013 loin d\u2019une simple perp\u00e9tuation ou transmission neutre \u2013 que ces musiques populaires, vocales ou instrumentales, accompagn\u00e9es de danse ou non, se sont pratiqu\u00e9es, refl\u00e9tant leur contexte de production, cristallisant les besoins collectifs et les sensibilit\u00e9s individuelles, g\u00e9n\u00e9rant toute une \u00e9conomie.<br \/>\nAvec le boom associatif des ann\u00e9es 80, les associations de folklore portugais se multiplient en France, constituant aujourd\u2019hui encore parmi les plus jeunes un lieu-clef pour la pratique de la langue portugaise. Des groupes de rock et de rap se forment dans la 2\u00e8me g\u00e9n\u00e9ration qui, les week-ends, fr\u00e9quente parfois les discoth\u00e8ques portugaises, tandis que les chanteurs de fado se r\u00e9unissent dans la p\u00e9nombre des restaurants de la r\u00e9gion parisienne, faisant des \u00e9mules parmi les auditeurs fran\u00e7ais\u2026<\/p>\n<p style=\"text-align: justify;\"><a href=\"http:\/\/www.memoria-viva.fr\/wordpress\/?cat=20\" target=\"_blank\"><strong>Photot\u00e8que\u00a0<\/strong><\/a><\/p>\n<p style=\"text-align: justify;\">La photot\u00e8que est une banque d&rsquo;images fixes de l&rsquo;immigration portugaise. Elles peuvent \u00eatre des clich\u00e9s de professionnels comme des images amateurs.<\/p>\n<p style=\"text-align: justify;\">\n<p style=\"text-align: justify;\"><a href=\"http:\/\/www.memoria-viva.fr\/wordpress\/?page_id=274\" target=\"_blank\"><strong>Images Anim\u00e9s<\/strong><\/a><\/p>\n<p style=\"text-align: justify;\">C&rsquo;est une banque d&rsquo;images anim\u00e9es ayant pour th\u00e9matique l&rsquo;immigration portugaise. elles peuvent \u00eatre des extraits de films (fiction\/documentaire), de spectacles, de concerts, d&rsquo;images d&rsquo;archives (INA, amateur).<\/p>\n<p><!--:--><!--:zh--><\/p>\n<p style=\"text-align: justify;\"><a href=\"http:\/\/www.memoria-viva.fr\/wordpress\/?cat=17\" target=\"_blank\"><strong>Biblioth\u00e8que<\/strong><\/a><br \/>\nEntre Histoire et m\u00e9moire : La biblioth\u00e8que th\u00e9matique participe \u00e0 la transformation de notre m\u00e9moire en r\u00e9cit historique et propose un regard subjectif (assum\u00e9 comme tel) sur une histoire qui nous touche.<br \/>\nNous vous invitons \u00e0 plonger dans l\u2019histoire de l\u2019\u00e9migration\/immigration par une s\u00e9lection d\u2019ouvrages et de titres que nous consid\u00e9rons importants, int\u00e9ressants ou bien pour lesquels nous avons eu un coup de coeur.<br \/>\nNous voulons, par ailleurs, multiplier les \u00e9clairage et \u00e9largir la r\u00e9flexion ; c\u2019est pourquoi vous y trouverez des ouvrages relatifs \u00e0 d\u2019autres migrations, pass\u00e9es ou actuelles.<br \/>\nCette biblioth\u00e8que est aussi la votre ! Soyez acteurs de sa construction, enrichissez-la par vos lectures et vos commentaires.<\/p>\n<p style=\"text-align: justify;\"><strong><a href=\"http:\/\/www.memoria-viva.fr\/wordpress\/?cat=19\" target=\"_blank\">Cin\u00e9math\u00e8que<\/a>\u00a0<\/strong><\/p>\n<p style=\"text-align: justify;\">Dans la cin\u00e9math\u00e8que, vous pouvez consulter le r\u00e9pertoire des films sur le ph\u00e9nom\u00e8ne social et politique que repr\u00e9sente l&rsquo;immigration portugaise.\u00a0Suivants les mat\u00e9rieux retrouv\u00e9s dont nous disposons, vous pouvez, en plus, acc\u00e9der \u00e0 diff\u00e9rents documents : revue de presse, photos, affiches, commentaires du r\u00e9alisateurs, images\/s\u00e9quences de films.<\/p>\n<p>\u00a0<\/p>\n<p style=\"text-align: justify;\"><a href=\"http:\/\/www.memoria-viva.fr\/wordpress\/?cat=18\" target=\"_blank\"><strong>Discoth\u00e8que<\/strong><\/a><br \/>\nPartant du constat que la musique parle \u00e0 tous, et qu\u2019elle d\u00e9passe les fronti\u00e8res, ce site souhaite illustrer les interactions nombreuses, diverses et vivaces entre la musique, ou plut\u00f4t les musiques, et l\u2019immigration portugaise. En effet, elles ont jou\u00e9 un grand r\u00f4le parmi les Portugais de France, lesquels, en retournant au Portugal, ont \u00e0 leur tour influenc\u00e9 les pratiques musicales de leur pays d\u2019origine. D\u00e8s les d\u00e9buts de l\u2019immigration, les musiques traditionnelles portugaises, fortement li\u00e9es aux r\u00e9gions d\u2019origine des immigr\u00e9s, accompagnent les moments difficiles du voyage, qui signifie souvent un d\u00e9racinement, et restent le lieu d\u2019une m\u00e9moire intime et ind\u00e9l\u00e9bile. Dans certains villages, des chants racontent \u00e0 ceux qui sont rest\u00e9s, et qui peut-\u00eatre \u00e9migreront, la vie \u00ab d\u2019en France \u00bb et vont jusqu\u2019\u00e0 rendre familiers les noms de certaines localit\u00e9s de la r\u00e9gion parisienne.<br \/>\nEn France, la musique est partie prenante des moments de sociabilit\u00e9 indispensables de l\u2019immigration, o\u00f9 elle rime avec entraide, rencontre et parfois politisation et syndicalisation. Surtout lorsque les chanteurs \u00ab d\u2019intervention \u00bb des ann\u00e9es 60 et 70 viennent chanter dans les f\u00eates portugaises, les bidonvilles et les usines, pour sensibiliser \u00e0 la violence de la dictature, aux atrocit\u00e9s des guerres coloniales et au musellement de la libert\u00e9 d\u2019expression. C\u2019est \u00e0 Paris que sont n\u00e9es certaines musiques embl\u00e9matiques comme Gr\u00e2ndola Vila Morena ou encore Avante !<br \/>\nRythm\u00e9e par le va-et-vient des immigr\u00e9s entre les deux pays, la musique se m\u00e9tisse et s\u2019enrichit au gr\u00e9 des influences et des modes. C\u2019est d\u2019une mani\u00e8re tr\u00e8s vivante \u2013 loin d\u2019une simple perp\u00e9tuation ou transmission neutre \u2013 que ces musiques populaires, vocales ou instrumentales, accompagn\u00e9es de danse ou non, se sont pratiqu\u00e9es, refl\u00e9tant leur contexte de production, cristallisant les besoins collectifs et les sensibilit\u00e9s individuelles, g\u00e9n\u00e9rant toute une \u00e9conomie.<br \/>\nAvec le boom associatif des ann\u00e9es 80, les associations de folklore portugais se multiplient en France, constituant aujourd\u2019hui encore parmi les plus jeunes un lieu-clef pour la pratique de la langue portugaise. Des groupes de rock et de rap se forment dans la 2\u00e8me g\u00e9n\u00e9ration qui, les week-ends, fr\u00e9quente parfois les discoth\u00e8ques portugaises, tandis que les chanteurs de fado se r\u00e9unissent dans la p\u00e9nombre des restaurants de la r\u00e9gion parisienne, faisant des \u00e9mules parmi les auditeurs fran\u00e7ais\u2026<\/p>\n<p style=\"text-align: justify;\"><a href=\"http:\/\/www.memoria-viva.fr\/wordpress\/?cat=20\" target=\"_blank\"><strong>Photot\u00e8que\u00a0<\/strong><\/a><\/p>\n<p style=\"text-align: justify;\"><a href=\"http:\/\/www.memoria-viva.fr\/wordpress\/?page_id=274\" target=\"_blank\"><strong>Images Anim\u00e9s<\/strong><\/a><\/p>\n<p><!--:--><!--:pt--><\/p>\n<p style=\"text-align: justify;\"><a href=\"http:\/\/www.memoria-viva.fr\/wordpress\/?cat=17\" target=\"_blank\"><strong>Biblioth\u00e8que<\/strong><\/a><br \/>\nEntre Histoire et m\u00e9moire : La biblioth\u00e8que th\u00e9matique participe \u00e0 la transformation de notre m\u00e9moire en r\u00e9cit historique et propose un regard subjectif (assum\u00e9 comme tel) sur une histoire qui nous touche.<br \/>\nNous vous invitons \u00e0 plonger dans l\u2019histoire de l\u2019\u00e9migration\/immigration par une s\u00e9lection d\u2019ouvrages et de titres que nous consid\u00e9rons importants, int\u00e9ressants ou bien pour lesquels nous avons eu un coup de coeur.<br \/>\nNous voulons, par ailleurs, multiplier les \u00e9clairage et \u00e9largir la r\u00e9flexion ; c\u2019est pourquoi vous y trouverez des ouvrages relatifs \u00e0 d\u2019autres migrations, pass\u00e9es ou actuelles.<br \/>\nCette biblioth\u00e8que est aussi la votre ! Soyez acteurs de sa construction, enrichissez-la par vos lectures et vos commentaires.<\/p>\n<p style=\"text-align: justify;\"><strong><a href=\"http:\/\/www.memoria-viva.fr\/wordpress\/?cat=19\" target=\"_blank\">Cin\u00e9math\u00e8que<\/a>\u00a0<\/strong><\/p>\n<p style=\"text-align: justify;\">Dans la cin\u00e9math\u00e8que, vous pouvez consulter le r\u00e9pertoire des films sur le ph\u00e9nom\u00e8ne social et politique que repr\u00e9sente l&rsquo;immigration portugaise.\u00a0Suivants les mat\u00e9rieux retrouv\u00e9s dont nous disposons, vous pouvez, en plus, acc\u00e9der \u00e0 diff\u00e9rents documents : revue de presse, photos, affiches, commentaires du r\u00e9alisateurs, images\/s\u00e9quences de films.<\/p>\n<p>\u00a0<\/p>\n<p style=\"text-align: justify;\"><a href=\"http:\/\/www.memoria-viva.fr\/wordpress\/?cat=18\" target=\"_blank\"><strong>Discoth\u00e8que<\/strong><\/a><br \/>\nPartant du constat que la musique parle \u00e0 tous, et qu\u2019elle d\u00e9passe les fronti\u00e8res, ce site souhaite illustrer les interactions nombreuses, diverses et vivaces entre la musique, ou plut\u00f4t les musiques, et l\u2019immigration portugaise. En effet, elles ont jou\u00e9 un grand r\u00f4le parmi les Portugais de France, lesquels, en retournant au Portugal, ont \u00e0 leur tour influenc\u00e9 les pratiques musicales de leur pays d\u2019origine. D\u00e8s les d\u00e9buts de l\u2019immigration, les musiques traditionnelles portugaises, fortement li\u00e9es aux r\u00e9gions d\u2019origine des immigr\u00e9s, accompagnent les moments difficiles du voyage, qui signifie souvent un d\u00e9racinement, et restent le lieu d\u2019une m\u00e9moire intime et ind\u00e9l\u00e9bile. Dans certains villages, des chants racontent \u00e0 ceux qui sont rest\u00e9s, et qui peut-\u00eatre \u00e9migreront, la vie \u00ab d\u2019en France \u00bb et vont jusqu\u2019\u00e0 rendre familiers les noms de certaines localit\u00e9s de la r\u00e9gion parisienne.<br \/>\nEn France, la musique est partie prenante des moments de sociabilit\u00e9 indispensables de l\u2019immigration, o\u00f9 elle rime avec entraide, rencontre et parfois politisation et syndicalisation. Surtout lorsque les chanteurs \u00ab d\u2019intervention \u00bb des ann\u00e9es 60 et 70 viennent chanter dans les f\u00eates portugaises, les bidonvilles et les usines, pour sensibiliser \u00e0 la violence de la dictature, aux atrocit\u00e9s des guerres coloniales et au musellement de la libert\u00e9 d\u2019expression. C\u2019est \u00e0 Paris que sont n\u00e9es certaines musiques embl\u00e9matiques comme Gr\u00e2ndola Vila Morena ou encore Avante !<br \/>\nRythm\u00e9e par le va-et-vient des immigr\u00e9s entre les deux pays, la musique se m\u00e9tisse et s\u2019enrichit au gr\u00e9 des influences et des modes. C\u2019est d\u2019une mani\u00e8re tr\u00e8s vivante \u2013 loin d\u2019une simple perp\u00e9tuation ou transmission neutre \u2013 que ces musiques populaires, vocales ou instrumentales, accompagn\u00e9es de danse ou non, se sont pratiqu\u00e9es, refl\u00e9tant leur contexte de production, cristallisant les besoins collectifs et les sensibilit\u00e9s individuelles, g\u00e9n\u00e9rant toute une \u00e9conomie.<br \/>\nAvec le boom associatif des ann\u00e9es 80, les associations de folklore portugais se multiplient en France, constituant aujourd\u2019hui encore parmi les plus jeunes un lieu-clef pour la pratique de la langue portugaise. Des groupes de rock et de rap se forment dans la 2\u00e8me g\u00e9n\u00e9ration qui, les week-ends, fr\u00e9quente parfois les discoth\u00e8ques portugaises, tandis que les chanteurs de fado se r\u00e9unissent dans la p\u00e9nombre des restaurants de la r\u00e9gion parisienne, faisant des \u00e9mules parmi les auditeurs fran\u00e7ais\u2026<\/p>\n<p style=\"text-align: justify;\"><a href=\"http:\/\/www.memoria-viva.fr\/wordpress\/?cat=20\" target=\"_blank\"><strong>Photot\u00e8que\u00a0<\/strong><\/a><\/p>\n<p style=\"text-align: justify;\"><a href=\"http:\/\/www.memoria-viva.fr\/wordpress\/?page_id=274\" target=\"_blank\"><strong>Images Anim\u00e9s<\/strong><\/a><\/p>\n<p><!--:--><\/p>\n","protected":false},"excerpt":{"rendered":"<p>Biblioth\u00e8que Entre Histoire et m\u00e9moire : La biblioth\u00e8que th\u00e9matique participe \u00e0 la transformation de notre m\u00e9moire en r\u00e9cit historique et propose un regard subjectif (assum\u00e9 comme tel) sur une histoire qui nous touche. Nous vous invitons \u00e0 plonger dans l\u2019histoire de l\u2019\u00e9migration\/immigration par une s\u00e9lection d\u2019ouvrages et de titres que nous consid\u00e9rons importants, int\u00e9ressants ou &hellip; <\/p>\n<p class=\"link-more\"><a href=\"https:\/\/www.memoria-viva.fr\/mv2-archives\/?page_id=331\" class=\"more-link\">Continuer la lecture<span class=\"screen-reader-text\"> de &laquo;&nbsp;Pr\u00e9sentation&nbsp;&raquo;<\/span><\/a><\/p>\n","protected":false},"author":6,"featured_media":0,"parent":0,"menu_order":0,"comment_status":"open","ping_status":"open","template":"","meta":[],"_links":{"self":[{"href":"https:\/\/www.memoria-viva.fr\/mv2-archives\/index.php?rest_route=\/wp\/v2\/pages\/331"}],"collection":[{"href":"https:\/\/www.memoria-viva.fr\/mv2-archives\/index.php?rest_route=\/wp\/v2\/pages"}],"about":[{"href":"https:\/\/www.memoria-viva.fr\/mv2-archives\/index.php?rest_route=\/wp\/v2\/types\/page"}],"author":[{"embeddable":true,"href":"https:\/\/www.memoria-viva.fr\/mv2-archives\/index.php?rest_route=\/wp\/v2\/users\/6"}],"replies":[{"embeddable":true,"href":"https:\/\/www.memoria-viva.fr\/mv2-archives\/index.php?rest_route=%2Fwp%2Fv2%2Fcomments&post=331"}],"version-history":[{"count":0,"href":"https:\/\/www.memoria-viva.fr\/mv2-archives\/index.php?rest_route=\/wp\/v2\/pages\/331\/revisions"}],"wp:attachment":[{"href":"https:\/\/www.memoria-viva.fr\/mv2-archives\/index.php?rest_route=%2Fwp%2Fv2%2Fmedia&parent=331"}],"curies":[{"name":"wp","href":"https:\/\/api.w.org\/{rel}","templated":true}]}}