{"id":360,"date":"2013-10-04T14:03:03","date_gmt":"2013-10-04T13:03:03","guid":{"rendered":"http:\/\/www.memoria-viva.fr\/wordpress\/?page_id=360"},"modified":"2020-11-28T17:10:51","modified_gmt":"2020-11-28T16:10:51","slug":"projets-et-activites","status":"publish","type":"page","link":"https:\/\/www.memoria-viva.fr\/mv2-archives\/?page_id=360","title":{"rendered":"<!--:fr-->Projets et activit\u00e9s<!--:--><!--:pt-->Projectos e actividades<!--:-->"},"content":{"rendered":"<p><!--:fr--><\/p>\n<p style=\"text-align: justify;\">L&rsquo;association M\u00e9moire Vive\/Mem\u00f3ria Viva a pour but de recueillir et transmettre la m\u00e9moire de l&rsquo;immigration portugaise. Dans ce sens, notre pr\u00e9ocupation a toujours \u00e9t\u00e9 d&rsquo;aller vers la compr\u00e9hension des ph\u00e9nom\u00e8nes migratoires portugais, notamment en valorisant l&rsquo;exp\u00e9rience de celle-ci. Ainsi, la construction d&rsquo;un <a href=\"http:\/\/www.memoria-viva.fr\/le-projet-sud-express\/\" target=\"_blank\" rel=\"noopener noreferrer\">Centre de M\u00e9moire Virtuel<\/a> (<a href=\"http:\/\/sudexpress.org\" target=\"_blank\" rel=\"noopener noreferrer\">sudexpress.org<\/a>) ou la <a href=\"http:\/\/www.memoria-viva.fr\/un-fond-darchive-a-la-bdic\/\" target=\"_blank\" rel=\"noopener noreferrer\">constitution d&rsquo;un fond d&rsquo;archives sur l&rsquo;immigration \u00e0 la BDIC<\/a> ne mettent pas uniquement en avant une possibilit\u00e9 d&rsquo;\u00e9tude \u00ab\u00a0acad\u00e9mique\u00a0\u00bb. Elle permettent la compr\u00e9hension des parcours migratoires et des v\u00e9cus qui sont par nature multiples. C&rsquo;est par l&rsquo;interm\u00e9diaire privil\u00e9gi\u00e9 des t\u00e9moins de l&rsquo;immigration portugaise, trop longtemps rest\u00e9s sans voix, que nous esp\u00e9rons construire une m\u00e9moire collective. Notre campagne de<a href=\"http:\/\/www.memoria-viva.fr\/archives-orales\/\" target=\"_blank\" rel=\"noopener noreferrer\"> recueil d&rsquo;entretiens d&rsquo;acteurs de l&rsquo;immigration portugaise <\/a>est \u00e9galement un pas vers cet apprentissage d&rsquo;une m\u00e9moire collective \u00e0 travers des parcours singuliers.<\/p>\n<p style=\"text-align: justify;\">Mais ces initiatives valent peu si elle ne se lancent pas dans la transmission de cette m\u00e9moire de l&rsquo;immigration portugaise. Le centre de m\u00e9moire virtuelle mettait d\u00e9j\u00e0 l&rsquo;accent, \u00e0 travers notamment d&rsquo;une navigation misant sur l&rsquo;exp\u00e9rience (Nous sommes transport\u00e9s \u00e0 bord d&rsquo;une train ou sur le quai d&rsquo;une gare), sur une recherche nouvelle de diffusion d&rsquo;un contenu fouill\u00e9. La possibilit\u00e9 de s&rsquo;exprimer sur le site, notamment \u00e0 travers les textes de la rubrique \u00ab\u00a0chronique de notre histoire\u00a0\u00bb ont ouverts des possibilit\u00e9s nouvelles. Il semble aujourd&rsquo;hui imp\u00e9ratif de rendre possible le t\u00e9moignage \u00e0 travers le <a href=\"http:\/\/www.memoria-viva.fr\/temoignages-en-video\/\" target=\"_blank\" rel=\"noopener noreferrer\">media vid\u00e9o<\/a>. De plus, nous tentons de donner toujours plus de couleurs \u00e0 nos <a href=\"http:\/\/www.memoria-viva.fr\/education-populaire\/\" target=\"_blank\" rel=\"noopener noreferrer\">actions p\u00e9dagogiques<\/a>, toujours dans un souci d&rsquo;\u00e9ducation populaire et de d&rsquo;ouverture.<\/p>\n<p><!--:--><!--:pt--><\/p>\n<p style=\"text-align: justify;\">L&rsquo;association M\u00e9moire Vive\/Mem\u00f3ria Viva a pour but de recueillir et transmettre la m\u00e9moire de l&rsquo;immigration portugaise. Dans ce sens, notre pr\u00e9ocupation a toujours \u00e9t\u00e9 d&rsquo;aller vers la compr\u00e9hension des ph\u00e9nom\u00e8nes migratoires portugais, notamment en valorisant l&rsquo;exp\u00e9rience de celle-ci. Ainsi, la construction d&rsquo;un\u00a0<a href=\"http:\/\/www.memoria-viva.fr\/le-projet-sud-express\/\" target=\"_blank\" rel=\"noopener noreferrer\">Centre de M\u00e9moire Virtuel<\/a>\u00a0(<a href=\"http:\/\/sudexpress.org\" target=\"_blank\" rel=\"noopener noreferrer\">sudexpress.org<\/a>) ou la\u00a0<a href=\"http:\/\/www.memoria-viva.fr\/un-fond-darchive-a-la-bdic\/\" target=\"_blank\" rel=\"noopener noreferrer\">constitution d&rsquo;un fond d&rsquo;archives sur l&rsquo;immigration \u00e0 la BDIC<\/a>\u00a0ne mettent pas uniquement en avant une possibilit\u00e9 d&rsquo;\u00e9tude \u00ab\u00a0acad\u00e9mique\u00a0\u00bb. Elle permettent la compr\u00e9hension des parcours migratoires et des v\u00e9cus qui sont par nature multiples. C&rsquo;est par l&rsquo;interm\u00e9diaire privil\u00e9gi\u00e9 des t\u00e9moins de l&rsquo;immigration portugaise, trop longtemps rest\u00e9s sans voix, que nous esp\u00e9rons construire une m\u00e9moire collective. Notre campagne de<a href=\"http:\/\/www.memoria-viva.fr\/archives-orales\/\" target=\"_blank\" rel=\"noopener noreferrer\">\u00a0recueil d&rsquo;entretiens d&rsquo;acteurs de l&rsquo;immigration portugaise\u00a0<\/a>est \u00e9galement un pas vers cet apprentissage d&rsquo;une m\u00e9moire collective \u00e0 travers des parcours singuliers.<\/p>\n<p style=\"text-align: justify;\">Mais ces initiatives valent peu si elle ne se lancent pas dans la transmission de cette m\u00e9moire de l&rsquo;immigration portugaise. Le centre de m\u00e9moire virtuelle mettait d\u00e9j\u00e0 l&rsquo;accent, \u00e0 travers notamment d&rsquo;une navigation misant sur l&rsquo;exp\u00e9rience (Nous sommes transport\u00e9s \u00e0 bord d&rsquo;une train ou sur le quai d&rsquo;une gare), sur une recherche nouvelle de diffusion d&rsquo;un contenu fouill\u00e9. La possibilit\u00e9 de s&rsquo;exprimer sur le site, notamment \u00e0 travers les textes de la rubrique \u00ab\u00a0chronique de notre histoire\u00a0\u00bb ont ouverts des possibilit\u00e9s nouvelles. Il semble aujourd&rsquo;hui imp\u00e9ratif de rendre possible le t\u00e9moignage \u00e0 travers le\u00a0<a href=\"http:\/\/www.memoria-viva.fr\/temoignages-en-video\/\" target=\"_blank\" rel=\"noopener noreferrer\">media vid\u00e9o<\/a>. De plus, nous tentons de donner toujours plus de couleurs \u00e0 nos\u00a0<a href=\"http:\/\/www.memoria-viva.fr\/education-populaire\/\" target=\"_blank\" rel=\"noopener noreferrer\">actions p\u00e9dagogiques<\/a>, toujours dans un souci d&rsquo;\u00e9ducation populaire et de d&rsquo;ouverture.<\/p>\n","protected":false},"excerpt":{"rendered":"<p>L&rsquo;association M\u00e9moire Vive\/Mem\u00f3ria Viva a pour but de recueillir et transmettre la m\u00e9moire de l&rsquo;immigration portugaise. Dans ce sens, notre pr\u00e9ocupation a toujours \u00e9t\u00e9 d&rsquo;aller vers la compr\u00e9hension des ph\u00e9nom\u00e8nes migratoires portugais, notamment en valorisant l&rsquo;exp\u00e9rience de celle-ci. Ainsi, la construction d&rsquo;un Centre de M\u00e9moire Virtuel (sudexpress.org) ou la constitution d&rsquo;un fond d&rsquo;archives sur l&rsquo;immigration &hellip; <\/p>\n<p class=\"link-more\"><a href=\"https:\/\/www.memoria-viva.fr\/mv2-archives\/?page_id=360\" class=\"more-link\">Continuer la lecture<span class=\"screen-reader-text\"> de &laquo;&nbsp;<!--:fr-->Projets et activit\u00e9s<!--:--><!--:pt-->Projectos e actividades<!--:-->&nbsp;&raquo;<\/span><\/a><\/p>\n","protected":false},"author":6,"featured_media":0,"parent":0,"menu_order":0,"comment_status":"open","ping_status":"open","template":"","meta":[],"_links":{"self":[{"href":"https:\/\/www.memoria-viva.fr\/mv2-archives\/index.php?rest_route=\/wp\/v2\/pages\/360"}],"collection":[{"href":"https:\/\/www.memoria-viva.fr\/mv2-archives\/index.php?rest_route=\/wp\/v2\/pages"}],"about":[{"href":"https:\/\/www.memoria-viva.fr\/mv2-archives\/index.php?rest_route=\/wp\/v2\/types\/page"}],"author":[{"embeddable":true,"href":"https:\/\/www.memoria-viva.fr\/mv2-archives\/index.php?rest_route=\/wp\/v2\/users\/6"}],"replies":[{"embeddable":true,"href":"https:\/\/www.memoria-viva.fr\/mv2-archives\/index.php?rest_route=%2Fwp%2Fv2%2Fcomments&post=360"}],"version-history":[{"count":0,"href":"https:\/\/www.memoria-viva.fr\/mv2-archives\/index.php?rest_route=\/wp\/v2\/pages\/360\/revisions"}],"wp:attachment":[{"href":"https:\/\/www.memoria-viva.fr\/mv2-archives\/index.php?rest_route=%2Fwp%2Fv2%2Fmedia&parent=360"}],"curies":[{"name":"wp","href":"https:\/\/api.w.org\/{rel}","templated":true}]}}