{"id":704,"date":"2013-12-23T22:27:24","date_gmt":"2013-12-23T21:27:24","guid":{"rendered":"http:\/\/www.memoria-viva.fr\/?page_id=704"},"modified":"2016-04-05T15:30:41","modified_gmt":"2016-04-05T14:30:41","slug":"cinematheque-2","status":"publish","type":"page","link":"https:\/\/www.memoria-viva.fr\/mv2-archives\/?page_id=704","title":{"rendered":"Cin\u00e9math\u00e8que"},"content":{"rendered":"<p>Dans la cin\u00e9math\u00e8que, vous pouvez consulter le r\u00e9pertoire des films sur le ph\u00e9nom\u00e8ne social et politique que repr\u00e9sente l\u2019immigration portugaise.\u00a0Suivants les mat\u00e9riaux retrouv\u00e9s dont nous disposons, vous pouvez, en plus, acc\u00e9der \u00e0 diff\u00e9rents documents : revue de presse, photos, affiches, commentaires du r\u00e9alisateurs, images\/s\u00e9quences de films.<\/p>\n<p><a href=\"http:\/\/www.memoria-viva.fr\/category\/cinematheque\/\" target=\"_blank\">Liste de films<\/a><\/p>\n","protected":false},"excerpt":{"rendered":"<p>Dans la cin\u00e9math\u00e8que, vous pouvez consulter le r\u00e9pertoire des films sur le ph\u00e9nom\u00e8ne social et politique que repr\u00e9sente l\u2019immigration portugaise.\u00a0Suivants les mat\u00e9riaux retrouv\u00e9s dont nous disposons, vous pouvez, en plus, acc\u00e9der \u00e0 diff\u00e9rents documents : revue de presse, photos, affiches, commentaires du r\u00e9alisateurs, images\/s\u00e9quences de films. Liste de films<\/p>\n","protected":false},"author":2,"featured_media":0,"parent":0,"menu_order":0,"comment_status":"open","ping_status":"open","template":"","meta":[],"_links":{"self":[{"href":"https:\/\/www.memoria-viva.fr\/mv2-archives\/index.php?rest_route=\/wp\/v2\/pages\/704"}],"collection":[{"href":"https:\/\/www.memoria-viva.fr\/mv2-archives\/index.php?rest_route=\/wp\/v2\/pages"}],"about":[{"href":"https:\/\/www.memoria-viva.fr\/mv2-archives\/index.php?rest_route=\/wp\/v2\/types\/page"}],"author":[{"embeddable":true,"href":"https:\/\/www.memoria-viva.fr\/mv2-archives\/index.php?rest_route=\/wp\/v2\/users\/2"}],"replies":[{"embeddable":true,"href":"https:\/\/www.memoria-viva.fr\/mv2-archives\/index.php?rest_route=%2Fwp%2Fv2%2Fcomments&post=704"}],"version-history":[{"count":0,"href":"https:\/\/www.memoria-viva.fr\/mv2-archives\/index.php?rest_route=\/wp\/v2\/pages\/704\/revisions"}],"wp:attachment":[{"href":"https:\/\/www.memoria-viva.fr\/mv2-archives\/index.php?rest_route=%2Fwp%2Fv2%2Fmedia&parent=704"}],"curies":[{"name":"wp","href":"https:\/\/api.w.org\/{rel}","templated":true}]}}