{"id":793,"date":"2014-01-13T15:34:01","date_gmt":"2014-01-13T14:34:01","guid":{"rendered":"http:\/\/www.memoria-viva.fr\/?page_id=793"},"modified":"2020-11-28T18:32:42","modified_gmt":"2020-11-28T17:32:42","slug":"bibliographie","status":"publish","type":"page","link":"https:\/\/www.memoria-viva.fr\/mv2-archives\/?page_id=793","title":{"rendered":"<!--:fr-->Bibliographie<!--:--><!--:pt-->Bibliografia<!--:-->"},"content":{"rendered":"<p><!--:fr-->Retrouvez ci dessous le liste des fiches de lectures disponibles par th\u00e9matique &nbsp;(Cette page est en cours de r\u00e9daction, vous pouvez consulter nos archives l\u00e0 <a href=\"http:\/\/www.sudexpress.org\/Mediatheque\/Bibliotheque\/bidonville.php\" target=\"_blank\" rel=\"noopener noreferrer\">http:\/\/www.sudexpress.org\/Mediatheque\/Bibliotheque\/bidonville.php<\/a>):<\/p>\n<p><strong>BIDONVILLE<\/strong><\/p>\n<p><a title=\"Colette P\u00e9tonnet \u2013 On est tous dans le brouillard, Paris, C.T.H.S., 2002\" href=\"http:\/\/www.memoria-viva.fr\/colette-petonnet-on-est-tous-dans-le-brouillard-paris-c-t-h-s-2002\/\">On est tous dans le brouillard<\/a> &#8211; Colette P\u00e9tonnet &#8211; &nbsp;2002 <a title=\"Colette P\u00e9tonnet \u2013 On est tous dans le brouillard, Paris, C.T.H.S., 2002\" href=\"http:\/\/www.memoria-viva.fr\/colette-petonnet-on-est-tous-dans-le-brouillard-paris-c-t-h-s-2002\/\" target=\"_blank\" rel=\"noopener noreferrer\">+ voir fiche<\/a><br \/>\nElogio do \u00ab\u00a0bidonville\u00a0\u00bb &#8211; Alfredo Margarido &#8211; &nbsp;1999<br \/>\nMille et une voix, n\u00b06: Portugal, Algarve &#8211; M.G. Philipp &#8211; 1988<br \/>\nChroniques du bidonville. Nanterre en guerre d`Alg\u00e9rie &#8211; Monique Hervo &#8211; 2001<br \/>\nVille bidon &#8211; Jos\u00e9 Vieira &#8211; 2001<br \/>\nBarracas &#8211; Jos\u00e9 Vieira &#8211; &nbsp;2001<br \/>\nJ\u00fcrg Kreienb\u00fchl &#8211; Heiny Widmer &#8211; 1982<br \/>\nLes \u00e9migr\u00e9s portugais parlent. Vies et t\u00e9moignages &#8211; Waldemar Monteiro &#8211; 1974<br \/>\nLe g\u00f4ne du Cha\u00e2ba &#8211; Azouz Begag &#8211; 1986<\/p>\n<p><strong style=\"line-height: 1.5em;\">Ressources compl\u00e9mentaires :<\/strong><\/p>\n<p>Bibliographie sur l&rsquo;immigration portugaise par Miguel da Mota agr\u00e9g\u00e9 d&rsquo;Histoire : <a href=\"http:\/\/barthes.ens.fr\/clio\/revues\/AHI\/ressources\/biblios\/port.html\" target=\"_blank\" rel=\"noopener noreferrer\">http:\/\/barthes.ens.fr\/clio\/revues\/AHI\/ressources\/biblios\/port.html<\/a><\/p>\n","protected":false},"excerpt":{"rendered":"<p>Retrouvez ci dessous le liste des fiches de lectures disponibles par th\u00e9matique &nbsp;(Cette page est en cours de r\u00e9daction, vous pouvez consulter nos archives l\u00e0 http:\/\/www.sudexpress.org\/Mediatheque\/Bibliotheque\/bidonville.php): BIDONVILLE On est tous dans le brouillard &#8211; Colette P\u00e9tonnet &#8211; &nbsp;2002 + voir fiche Elogio do \u00ab\u00a0bidonville\u00a0\u00bb &#8211; Alfredo Margarido &#8211; &nbsp;1999 Mille et une voix, n\u00b06: Portugal, &hellip; <\/p>\n<p class=\"link-more\"><a href=\"https:\/\/www.memoria-viva.fr\/mv2-archives\/?page_id=793\" class=\"more-link\">Continuer la lecture<span class=\"screen-reader-text\"> de &laquo;&nbsp;<!--:fr-->Bibliographie<!--:--><!--:pt-->Bibliografia<!--:-->&nbsp;&raquo;<\/span><\/a><\/p>\n","protected":false},"author":6,"featured_media":0,"parent":0,"menu_order":0,"comment_status":"open","ping_status":"open","template":"","meta":[],"_links":{"self":[{"href":"https:\/\/www.memoria-viva.fr\/mv2-archives\/index.php?rest_route=\/wp\/v2\/pages\/793"}],"collection":[{"href":"https:\/\/www.memoria-viva.fr\/mv2-archives\/index.php?rest_route=\/wp\/v2\/pages"}],"about":[{"href":"https:\/\/www.memoria-viva.fr\/mv2-archives\/index.php?rest_route=\/wp\/v2\/types\/page"}],"author":[{"embeddable":true,"href":"https:\/\/www.memoria-viva.fr\/mv2-archives\/index.php?rest_route=\/wp\/v2\/users\/6"}],"replies":[{"embeddable":true,"href":"https:\/\/www.memoria-viva.fr\/mv2-archives\/index.php?rest_route=%2Fwp%2Fv2%2Fcomments&post=793"}],"version-history":[{"count":0,"href":"https:\/\/www.memoria-viva.fr\/mv2-archives\/index.php?rest_route=\/wp\/v2\/pages\/793\/revisions"}],"wp:attachment":[{"href":"https:\/\/www.memoria-viva.fr\/mv2-archives\/index.php?rest_route=%2Fwp%2Fv2%2Fmedia&parent=793"}],"curies":[{"name":"wp","href":"https:\/\/api.w.org\/{rel}","templated":true}]}}