{"id":93,"date":"2013-04-10T14:55:16","date_gmt":"2013-04-10T13:55:16","guid":{"rendered":"http:\/\/www.memoria-viva.fr\/wordpress\/?page_id=93"},"modified":"2014-02-05T01:39:52","modified_gmt":"2014-02-05T00:39:52","slug":"un-fond-darchive-a-la-bdic","status":"publish","type":"page","link":"https:\/\/www.memoria-viva.fr\/mv2-archives\/?page_id=93","title":{"rendered":"Le fond d&rsquo;archive M\u00e9moire Vive\/Mem\u00f3ria Viva \u00e0 la BDIC"},"content":{"rendered":"<p><!--:fr--><a href=\"http:\/\/www.memoria-viva.fr\/wp-content\/uploads\/2013\/04\/BDIC-logo.gif\"><img loading=\"lazy\" class=\"size-full wp-image-825 aligncenter\" alt=\"BDIC-logo\" src=\"http:\/\/www.memoria-viva.fr\/wp-content\/uploads\/2013\/04\/BDIC-logo.gif\" width=\"130\" height=\"64\" \/><\/a><\/p>\n<p style=\"text-align: justify;\">L&rsquo;association M\u00e9moire Vive\/Mem\u00f3ria Viva a cr\u00e9\u00e9 et alimente un fond d&rsquo;archive sur l&rsquo;immigration portugaise \u00e0 la <a href=\"http:\/\/www.bdic.fr\/\" target=\"_blank\">BDIC (Biblioth\u00e8que de documentation internationale contemporaine)<\/a>.<\/p>\n<p style=\"text-align: justify;\">Cette initiative r\u00e9pond tant \u00e0 l&rsquo;am\u00e8re constatation qu&rsquo;il n&rsquo;existait aucun fond d&rsquo;archive cons\u00e9quent sur la question de l&rsquo;immigration portugaise en France, comme \u00e0 la prise de conscience de la fragilit\u00e9 grandissante des documents qui \u00e9taient conserv\u00e9s par certains de nos membres.<\/p>\n<p style=\"text-align: justify;\">Dans le sens de l&rsquo;action de divulgation de cette m\u00e9moire qui a toujours \u00e9t\u00e9 la notre, nous avons choisi de construire un partenariat avec la\u00a0<a href=\"http:\/\/www.bdic.fr\/\" target=\"_blank\">BDIC (Biblioth\u00e8que de documentation internationale contemporaine)<\/a>, situ\u00e9e sur le campus de l&rsquo;universit\u00e9 Paris-Ouest Nanterre La D\u00e9fense, afin qu&rsquo;un public le plus large possible puisse acc\u00e9der aux documents que nous d\u00e9posons ou que nous aidons \u00e0 d\u00e9poser.<\/p>\n<p style=\"text-align: justify;\">La cr\u00e9ation de ce fond par notre association est \u00e9galement l&rsquo;affirmation de la volont\u00e9 de stimuler et de permettre l&rsquo;\u00e9tude de l&rsquo;immigration portugaise, celle d&rsquo;hier, comme celle d&rsquo;aujourd&rsquo;hui.<\/p>\n<p style=\"text-align: justify;\">Par la richesse et la diversit\u00e9 de ses collections, la <a href=\"www.bdic.fr\" target=\"_blank\">Biblioth\u00e8que de documentation internationale contemporaine (BDIC)<\/a> constitue, au sein du Grand Paris, une v\u00e9ritable m\u00e9moire historique des 20e et 21e si\u00e8cles.\u00a0A la fois biblioth\u00e8que, centre d\u2019archives et mus\u00e9e, elle abrite, sur deux sites, des collections alliant ouvrages, journaux et revues, fonds d\u2019archives, mais aussi peintures, dessins, gravures, affiches, photographies, objets, archives sonores et audiovisuelles.<\/p>\n<p><a href=\"http:\/\/www.memoria-viva.fr\/wp-content\/uploads\/2013\/04\/bdic-site.jpg\"><img loading=\"lazy\" class=\"size-full wp-image-826 aligncenter\" alt=\"bdic-site\" src=\"http:\/\/www.memoria-viva.fr\/wp-content\/uploads\/2013\/04\/bdic-site.jpg\" width=\"415\" height=\"270\" srcset=\"https:\/\/www.memoria-viva.fr\/mv2-archives\/wp-content\/uploads\/2013\/04\/bdic-site.jpg 415w, https:\/\/www.memoria-viva.fr\/mv2-archives\/wp-content\/uploads\/2013\/04\/bdic-site-300x195.jpg 300w\" sizes=\"(max-width: 415px) 100vw, 415px\" \/><\/a><\/p>\n<p style=\"text-align: center;\"><span style=\"color: #000000;\">Les recherches peuvent se faire directement \u00e0 partir du<\/span> <a href=\"http:\/\/aleph.u-paris10.fr\/F\/61KJMDXQPK1L34NXA6B4P6HC4SKQSMXUGCLPQSFUNMY6UVQ4CH-00001?func=file&amp;file_name=find-b&amp;local_base=bdi01&amp;pds_handle=GUEST&amp;pds_handle=GUEST\" target=\"_blank\"><span style=\"color: #ff0000;\">catalogue en ligne<\/span><\/a><a href=\"http:\/\/aleph.u-paris10.fr\/F\/MABH3KCFXAE5RI6KEA7T6JMUPFLVX8LD2RNQBHDLK5TM5TY81T-09506?func=file&amp;file_name=find-b&amp;local_base=bdi01&amp;pds_handle=GUEST&amp;pds_handle=GUEST\" target=\"_blank\"><br \/>\n<\/a><\/p>\n<div>\n<p style=\"text-align: justify;\"><span style=\"color: #000000;\"><strong>Acc\u00e8s \u00e0 la Biblioth\u00e8que :<\/strong><\/span><br \/>\nLa BDIC se trouve sur le campus de l&rsquo;Universit\u00e9 de Paris Ouest Nanterre La D\u00e9fense. Elle est desservie par la ligne A du RER , station Nanterre Universit\u00e9 (\u00e0 15 mn du centre de Paris), ou par la ligne SNCF au d\u00e9part de la Gare Saint-Lazare.<br \/>\n<strong><\/strong><\/p>\n<p><a href=\"http:\/\/www.memoria-viva.fr\/wp-content\/uploads\/2013\/04\/plan_bdic1.jpg\"><img loading=\"lazy\" class=\"size-full wp-image-827 aligncenter\" alt=\"plan_bdic\" src=\"http:\/\/www.memoria-viva.fr\/wp-content\/uploads\/2013\/04\/plan_bdic1.jpg\" width=\"570\" height=\"541\" srcset=\"https:\/\/www.memoria-viva.fr\/mv2-archives\/wp-content\/uploads\/2013\/04\/plan_bdic1.jpg 570w, https:\/\/www.memoria-viva.fr\/mv2-archives\/wp-content\/uploads\/2013\/04\/plan_bdic1-300x284.jpg 300w\" sizes=\"(max-width: 570px) 100vw, 570px\" \/><\/a><\/p>\n<p style=\"text-align: justify;\"><span style=\"color: #000000;\">BDIC<\/span><br \/>\n<span style=\"color: #000000;\"> 6, All\u00e9e de l&rsquo;Universit\u00e9<\/span><br \/>\n<span style=\"color: #000000;\"> F-92001 Nanterre Cedex<\/span><\/p>\n<p>T\u00e9l\u00e9phone : 33(0)1 40 97 79 00<br \/>\nT\u00e9l\u00e9copie : 33(0)1 40 97 79 40<br \/>\n<a href=\"mailto:renseignements@bdic.fr?subject=BDIC%20demande%20d%27informations\">Courrier \u00e9lectronique<\/a>\u00a0: renseignements[at]bdic.fr<\/p>\n<p><a href=\"http:\/\/www.memoria-viva.fr\/wordpress\/wp-content\/uploads\/2013\/04\/plan_bdic.jpg\">\u00a0<\/a><\/p>\n<\/div>\n<p><!--:--><!--:pt--><a href=\"http:\/\/www.memoria-viva.fr\/wp-content\/uploads\/2013\/04\/BDIC-logo.gif\"><img loading=\"lazy\" class=\"aligncenter\" alt=\"BDIC-logo\" src=\"http:\/\/www.memoria-viva.fr\/wp-content\/uploads\/2013\/04\/BDIC-logo.gif\" width=\"130\" height=\"64\" \/><\/a><\/p>\n<p style=\"text-align: justify;\">L&rsquo;association M\u00e9moire Vive\/Mem\u00f3ria Viva a cr\u00e9\u00e9 et alimente un fond d&rsquo;archive sur l&rsquo;immigration portugaise \u00e0 la <a href=\"http:\/\/www.bdic.fr\/\" target=\"_blank\">BDIC (Biblioth\u00e8que de documentation internationale contemporaine)<\/a>.<\/p>\n<p style=\"text-align: justify;\">Cette initiative r\u00e9pond tant \u00e0 l&rsquo;am\u00e8re constatation qu&rsquo;il n&rsquo;existait aucun fond d&rsquo;archive cons\u00e9quent sur la question de l&rsquo;immigration portugaise en France, comme \u00e0 la prise de conscience de la fragilit\u00e9 grandissante des documents qui \u00e9taient conserv\u00e9s par certains de nos membres.<\/p>\n<p style=\"text-align: justify;\">Dans le sens de l&rsquo;action de divulgation de cette m\u00e9moire qui a toujours \u00e9t\u00e9 la notre, nous avons choisi de construire un partenariat avec la\u00a0<a href=\"http:\/\/www.bdic.fr\/\" target=\"_blank\">BDIC (Biblioth\u00e8que de documentation internationale contemporaine)<\/a>, situ\u00e9e sur le campus de l&rsquo;universit\u00e9 Paris-Ouest Nanterre La D\u00e9fense, afin qu&rsquo;un public le plus large possible puisse acc\u00e9der aux documents que nous d\u00e9posons ou que nous aidons \u00e0 d\u00e9poser.<\/p>\n<p style=\"text-align: justify;\">La cr\u00e9ation de ce fond par notre association est \u00e9galement l&rsquo;affirmation de la volont\u00e9 de stimuler et de permettre l&rsquo;\u00e9tude de l&rsquo;immigration portugaise, celle d&rsquo;hier, comme celle d&rsquo;aujourd&rsquo;hui.<\/p>\n<p style=\"text-align: justify;\">Par la richesse et la diversit\u00e9 de ses collections, la <a href=\"www.bdic.fr\" target=\"_blank\">Biblioth\u00e8que de documentation internationale contemporaine (BDIC)<\/a> constitue, au sein du Grand Paris, une v\u00e9ritable m\u00e9moire historique des 20e et 21e si\u00e8cles.\u00a0A la fois biblioth\u00e8que, centre d\u2019archives et mus\u00e9e, elle abrite, sur deux sites, des collections alliant ouvrages, journaux et revues, fonds d\u2019archives, mais aussi peintures, dessins, gravures, affiches, photographies, objets, archives sonores et audiovisuelles.<\/p>\n<p><a href=\"http:\/\/www.memoria-viva.fr\/wp-content\/uploads\/2013\/04\/bdic-site.jpg\"><img loading=\"lazy\" class=\"aligncenter\" alt=\"bdic-site\" src=\"http:\/\/www.memoria-viva.fr\/wp-content\/uploads\/2013\/04\/bdic-site.jpg\" width=\"415\" height=\"270\" \/><\/a><\/p>\n<p style=\"text-align: center;\"><span style=\"color: #000000;\">Les recherches peuvent se faire directement \u00e0 partir du<\/span> <a href=\"http:\/\/aleph.u-paris10.fr\/F\/61KJMDXQPK1L34NXA6B4P6HC4SKQSMXUGCLPQSFUNMY6UVQ4CH-00001?func=file&amp;file_name=find-b&amp;local_base=bdi01&amp;pds_handle=GUEST&amp;pds_handle=GUEST\" target=\"_blank\"><span style=\"color: #ff0000;\">catalogue en ligne<\/span><\/a><a href=\"http:\/\/aleph.u-paris10.fr\/F\/MABH3KCFXAE5RI6KEA7T6JMUPFLVX8LD2RNQBHDLK5TM5TY81T-09506?func=file&amp;file_name=find-b&amp;local_base=bdi01&amp;pds_handle=GUEST&amp;pds_handle=GUEST\" target=\"_blank\"><br \/>\n<\/a><\/p>\n<div>\n<p style=\"text-align: justify;\"><span style=\"color: #000000;\"><strong>Acc\u00e8s \u00e0 la Biblioth\u00e8que :<\/strong><\/span><br \/>\nLa BDIC se trouve sur le campus de l&rsquo;Universit\u00e9 de Paris Ouest Nanterre La D\u00e9fense. Elle est desservie par la ligne A du RER , station Nanterre Universit\u00e9 (\u00e0 15 mn du centre de Paris), ou par la ligne SNCF au d\u00e9part de la Gare Saint-Lazare.<br \/>\n<strong><\/strong><\/p>\n<p><strong>Acc\u00e8s \u00e0 la Biblioth\u00e8que :<\/strong><br \/>\nLa BDIC se trouve sur le campus de l&rsquo;Universit\u00e9 de Paris Ouest Nanterre La D\u00e9fense. Elle est desservie par la ligne A du RER , station Nanterre Universit\u00e9 (\u00e0 15 mn du centre de Paris), ou par la ligne SNCF au d\u00e9part de la Gare Saint-Lazare.<br \/>\n<strong><\/strong><\/p>\n<p><a href=\"http:\/\/www.memoria-viva.fr\/wp-content\/uploads\/2013\/04\/plan_bdic1.jpg\"><img loading=\"lazy\" alt=\"plan_bdic\" src=\"http:\/\/www.memoria-viva.fr\/wp-content\/uploads\/2013\/04\/plan_bdic1.jpg\" width=\"570\" height=\"541\" \/><\/a><\/p>\n<p>BDIC<br \/>\n6, All\u00e9e de l&rsquo;Universit\u00e9<br \/>\nF-92001 Nanterre Cedex<\/p>\n<p>T\u00e9l\u00e9phone : 33(0)1 40 97 79 00<br \/>\nT\u00e9l\u00e9copie : 33(0)1 40 97 79 40<br \/>\n<a href=\"mailto:renseignements@bdic.fr?subject=BDIC%20demande%20d%27informations\">Courrier \u00e9lectronique<\/a>\u00a0: renseignements[at]bdic.fr<\/p>\n<p><a href=\"http:\/\/www.memoria-viva.fr\/wordpress\/wp-content\/uploads\/2013\/04\/plan_bdic.jpg\">\u00a0<\/a><\/p>\n<p style=\"text-align: justify;\"><span style=\"color: #000000;\">BDIC<\/span><br \/>\n<span style=\"color: #000000;\"> 6, All\u00e9e de l&rsquo;Universit\u00e9<\/span><br \/>\n<span style=\"color: #000000;\"> F-92001 Nanterre Cedex<\/span><\/p>\n<p>T\u00e9l\u00e9phone : 33(0)1 40 97 79 00<br \/>\nT\u00e9l\u00e9copie : 33(0)1 40 97 79 40<br \/>\n<a href=\"mailto:renseignements@bdic.fr?subject=BDIC%20demande%20d%27informations\">Courrier \u00e9lectronique<\/a>\u00a0: renseignements[at]bdic.fr<\/p>\n<p><a href=\"http:\/\/www.memoria-viva.fr\/wordpress\/wp-content\/uploads\/2013\/04\/plan_bdic.jpg\">\u00a0<\/a><\/p>\n<\/div>\n<p><!--:--><\/p>\n","protected":false},"excerpt":{"rendered":"<p>L&rsquo;association M\u00e9moire Vive\/Mem\u00f3ria Viva a cr\u00e9\u00e9 et alimente un fond d&rsquo;archive sur l&rsquo;immigration portugaise \u00e0 la BDIC (Biblioth\u00e8que de documentation internationale contemporaine). Cette initiative r\u00e9pond tant \u00e0 l&rsquo;am\u00e8re constatation qu&rsquo;il n&rsquo;existait aucun fond d&rsquo;archive cons\u00e9quent sur la question de l&rsquo;immigration portugaise en France, comme \u00e0 la prise de conscience de la fragilit\u00e9 grandissante des documents &hellip; <\/p>\n<p class=\"link-more\"><a href=\"https:\/\/www.memoria-viva.fr\/mv2-archives\/?page_id=93\" class=\"more-link\">Continuer la lecture<span class=\"screen-reader-text\"> de &laquo;&nbsp;Le fond d&rsquo;archive M\u00e9moire Vive\/Mem\u00f3ria Viva \u00e0 la BDIC&nbsp;&raquo;<\/span><\/a><\/p>\n","protected":false},"author":6,"featured_media":423,"parent":0,"menu_order":0,"comment_status":"open","ping_status":"open","template":"","meta":[],"_links":{"self":[{"href":"https:\/\/www.memoria-viva.fr\/mv2-archives\/index.php?rest_route=\/wp\/v2\/pages\/93"}],"collection":[{"href":"https:\/\/www.memoria-viva.fr\/mv2-archives\/index.php?rest_route=\/wp\/v2\/pages"}],"about":[{"href":"https:\/\/www.memoria-viva.fr\/mv2-archives\/index.php?rest_route=\/wp\/v2\/types\/page"}],"author":[{"embeddable":true,"href":"https:\/\/www.memoria-viva.fr\/mv2-archives\/index.php?rest_route=\/wp\/v2\/users\/6"}],"replies":[{"embeddable":true,"href":"https:\/\/www.memoria-viva.fr\/mv2-archives\/index.php?rest_route=%2Fwp%2Fv2%2Fcomments&post=93"}],"version-history":[{"count":0,"href":"https:\/\/www.memoria-viva.fr\/mv2-archives\/index.php?rest_route=\/wp\/v2\/pages\/93\/revisions"}],"wp:featuredmedia":[{"embeddable":true,"href":"https:\/\/www.memoria-viva.fr\/mv2-archives\/index.php?rest_route=\/wp\/v2\/media\/423"}],"wp:attachment":[{"href":"https:\/\/www.memoria-viva.fr\/mv2-archives\/index.php?rest_route=%2Fwp%2Fv2%2Fmedia&parent=93"}],"curies":[{"name":"wp","href":"https:\/\/api.w.org\/{rel}","templated":true}]}}